{"id":3134,"date":"2022-09-25T17:39:08","date_gmt":"2022-09-25T17:39:08","guid":{"rendered":"https:\/\/vorulagerinn.is\/?post_type=product&#038;p=3134"},"modified":"2026-04-10T16:22:42","modified_gmt":"2026-04-10T16:22:42","slug":"beard-shaving-cape","status":"publish","type":"product","link":"https:\/\/vorulagerinn.is\/en\/product\/beard-shaving-cape\/","title":{"rendered":"Skeggsl\u00e1 (Beard Shaving Cape)"},"content":{"rendered":"","protected":false},"excerpt":{"rendered":"<p>Skeggsl\u00e1in er fr\u00e1b\u00e6r lausn sem virkar \u00feegar snyrta \u00fearf skeggi\u00f0 og halda h\u00e1rum fr\u00e1 innr\u00e9ttingu og golfi. \u00de\u00fa setur einfaldlega skeggsl\u00e1nna utan um h\u00e1lsinn og festir me\u00f0 fr\u00f6nskum rennil\u00e1s. Loks festir \u00fe\u00fa skeggsl\u00e1nna vi\u00f0 spegilinn me\u00f0 tveimur sogsk\u00e1lum og byrjar a\u00f0 snyrta skeggi\u00f0.<\/p>\n<p>&#8211; Litur: Hv\u00edtur me\u00f0 sv\u00f6rtum r\u00f6ndum og svartur<br \/>\n&#8211; 2 sogsk\u00e1lar fylgja me\u00f0<br \/>\n&#8211; M\u00e1 setja \u00ed \u00fevottav\u00e9l<\/p>\n","protected":false},"featured_media":26800,"template":"","meta":[],"product_brand":[],"product_cat":[463],"product_tag":[],"class_list":{"0":"post-3134","1":"product","2":"type-product","3":"status-publish","4":"has-post-thumbnail","6":"product_cat-outlet","8":"first","9":"instock","10":"sale","11":"featured","12":"taxable","13":"shipping-taxable","14":"purchasable","15":"product-type-variable"},"supplier_id":null,"supplier_sku":"","barcode":null,"atum_controlled":true,"out_stock_date":null,"out_stock_threshold":null,"inheritable":true,"inbound_stock":null,"stock_on_hold":0,"sold_today":0,"sales_last_days":1,"reserved_stock":null,"customer_returns":null,"warehouse_damage":null,"lost_in_post":null,"other_logs":null,"out_stock_days":0,"lost_sales":0,"has_location":false,"update_date":"2026-04-19T00:23:34","atum_locations":[],"atum_stock_status":"instock","restock_status":false,"low_stock_amount":"","sales_update_date":"2026-04-19T00:23:34","calc_backorders":null,"yoast_head":"<!-- This site is optimized with the Yoast SEO Premium plugin v26.6 (Yoast SEO v27.3) - https:\/\/yoast.com\/product\/yoast-seo-premium-wordpress\/ -->\n<title>Skeggsl\u00e1in er fr\u00e1b\u00e6r lausn sem virkar \u00feegar snyrta \u00fearf skeggi\u00f0<\/title>\n<meta name=\"description\" content=\"Skeggsl\u00e1in er fr\u00e1b\u00e6r lausn sem virkar \u00feegar snyrta \u00fearf skeggi\u00f0 og halda h\u00e1rum fr\u00e1 innr\u00e9ttingu og golfi.\" \/>\n<meta name=\"robots\" content=\"index, follow, max-snippet:-1, max-image-preview:large, max-video-preview:-1\" \/>\n<link rel=\"canonical\" href=\"https:\/\/vorulagerinn.is\/product\/beard-shaving-cape\/\" \/>\n<meta property=\"og:locale\" content=\"en_US\" \/>\n<meta property=\"og:type\" content=\"article\" \/>\n<meta property=\"og:title\" content=\"Skeggsl\u00e1 (Beard Shaving Cape)\" \/>\n<meta property=\"og:description\" content=\"Skeggsl\u00e1in er fr\u00e1b\u00e6r lausn sem virkar \u00feegar snyrta \u00fearf skeggi\u00f0 og halda h\u00e1rum fr\u00e1 innr\u00e9ttingu og golfi.\" \/>\n<meta property=\"og:url\" content=\"https:\/\/vorulagerinn.is\/product\/beard-shaving-cape\/\" \/>\n<meta property=\"og:site_name\" content=\"V&ouml;rulagerinn\" \/>\n<meta property=\"article:publisher\" content=\"https:\/\/www.facebook.com\/vorulagerinn\" \/>\n<meta property=\"article:modified_time\" content=\"2026-04-10T16:22:42+00:00\" \/>\n<meta property=\"og:image\" content=\"https:\/\/vorulagerinn.is\/wp-content\/uploads\/2022\/09\/Skeggsla.jpg\" \/>\n\t<meta property=\"og:image:width\" content=\"600\" \/>\n\t<meta property=\"og:image:height\" content=\"600\" \/>\n\t<meta property=\"og:image:type\" content=\"image\/jpeg\" \/>\n<meta name=\"twitter:card\" content=\"summary_large_image\" \/>\n<meta name=\"twitter:label1\" content=\"Availability\" \/>\n\t<meta name=\"twitter:data1\" content=\"In stock\" \/>\n<script type=\"application\/ld+json\" class=\"yoast-schema-graph\">{\"@context\":\"https:\\\/\\\/schema.org\",\"@graph\":[{\"@type\":\"WebPage\",\"@id\":\"https:\\\/\\\/vorulagerinn.is\\\/product\\\/beard-shaving-cape\\\/\",\"url\":\"https:\\\/\\\/vorulagerinn.is\\\/product\\\/beard-shaving-cape\\\/\",\"name\":\"Skeggsl\u00e1in er fr\u00e1b\u00e6r lausn sem virkar \u00feegar snyrta \u00fearf skeggi\u00f0\",\"isPartOf\":{\"@id\":\"https:\\\/\\\/vorulagerinn.is\\\/#website\"},\"primaryImageOfPage\":{\"@id\":\"https:\\\/\\\/vorulagerinn.is\\\/product\\\/beard-shaving-cape\\\/#primaryimage\"},\"image\":{\"@id\":\"https:\\\/\\\/vorulagerinn.is\\\/product\\\/beard-shaving-cape\\\/#primaryimage\"},\"thumbnailUrl\":\"https:\\\/\\\/vorulagerinn.is\\\/wp-content\\\/uploads\\\/2022\\\/09\\\/Skeggsla.jpg\",\"datePublished\":\"2022-09-25T17:39:08+00:00\",\"dateModified\":\"2026-04-10T16:22:42+00:00\",\"description\":\"Skeggsl\u00e1in er fr\u00e1b\u00e6r lausn sem virkar \u00feegar snyrta \u00fearf skeggi\u00f0 og halda h\u00e1rum fr\u00e1 innr\u00e9ttingu og golfi.\",\"breadcrumb\":{\"@id\":\"https:\\\/\\\/vorulagerinn.is\\\/product\\\/beard-shaving-cape\\\/#breadcrumb\"},\"inLanguage\":\"en-US\",\"potentialAction\":[{\"@type\":\"ReadAction\",\"target\":[\"https:\\\/\\\/vorulagerinn.is\\\/product\\\/beard-shaving-cape\\\/\"]}]},{\"@type\":\"ImageObject\",\"inLanguage\":\"en-US\",\"@id\":\"https:\\\/\\\/vorulagerinn.is\\\/product\\\/beard-shaving-cape\\\/#primaryimage\",\"url\":\"https:\\\/\\\/vorulagerinn.is\\\/wp-content\\\/uploads\\\/2022\\\/09\\\/Skeggsla.jpg\",\"contentUrl\":\"https:\\\/\\\/vorulagerinn.is\\\/wp-content\\\/uploads\\\/2022\\\/09\\\/Skeggsla.jpg\",\"width\":600,\"height\":600},{\"@type\":\"BreadcrumbList\",\"@id\":\"https:\\\/\\\/vorulagerinn.is\\\/product\\\/beard-shaving-cape\\\/#breadcrumb\",\"itemListElement\":[{\"@type\":\"ListItem\",\"position\":1,\"name\":\"Home\",\"item\":\"https:\\\/\\\/vorulagerinn.is\\\/\"},{\"@type\":\"ListItem\",\"position\":2,\"name\":\"Shop\",\"item\":\"https:\\\/\\\/vorulagerinn.is\\\/en\\\/shop\\\/\"},{\"@type\":\"ListItem\",\"position\":3,\"name\":\"Skeggsl\u00e1 (Beard Shaving Cape)\"}]},{\"@type\":\"WebSite\",\"@id\":\"https:\\\/\\\/vorulagerinn.is\\\/#website\",\"url\":\"https:\\\/\\\/vorulagerinn.is\\\/\",\"name\":\"V\u00f6rulagerinn\",\"description\":\"L\u00e1ttu \u00fea\u00f0 eftir \u00fe\u00e9r\",\"publisher\":{\"@id\":\"https:\\\/\\\/vorulagerinn.is\\\/#organization\"},\"potentialAction\":[{\"@type\":\"SearchAction\",\"target\":{\"@type\":\"EntryPoint\",\"urlTemplate\":\"https:\\\/\\\/vorulagerinn.is\\\/?s={search_term_string}\"},\"query-input\":{\"@type\":\"PropertyValueSpecification\",\"valueRequired\":true,\"valueName\":\"search_term_string\"}}],\"inLanguage\":\"en-US\"},{\"@type\":\"Organization\",\"@id\":\"https:\\\/\\\/vorulagerinn.is\\\/#organization\",\"name\":\"V\u00f6rulagerinn\",\"url\":\"https:\\\/\\\/vorulagerinn.is\\\/\",\"logo\":{\"@type\":\"ImageObject\",\"inLanguage\":\"en-US\",\"@id\":\"https:\\\/\\\/vorulagerinn.is\\\/#\\\/schema\\\/logo\\\/image\\\/\",\"url\":\"https:\\\/\\\/vorulagerinn.is\\\/wp-content\\\/uploads\\\/2022\\\/09\\\/Vorulagerinn-Logo-588x160-1.png\",\"contentUrl\":\"https:\\\/\\\/vorulagerinn.is\\\/wp-content\\\/uploads\\\/2022\\\/09\\\/Vorulagerinn-Logo-588x160-1.png\",\"width\":588,\"height\":160,\"caption\":\"V\u00f6rulagerinn\"},\"image\":{\"@id\":\"https:\\\/\\\/vorulagerinn.is\\\/#\\\/schema\\\/logo\\\/image\\\/\"},\"sameAs\":[\"https:\\\/\\\/www.facebook.com\\\/vorulagerinn\",\"https:\\\/\\\/www.instagram.com\\\/vorulagerinn\\\/\"]}]}<\/script>\n<meta property=\"og:availability\" content=\"instock\" \/>\n<meta property=\"product:availability\" content=\"instock\" \/>\n<meta property=\"product:retailer_item_id\" content=\"V23\" \/>\n<meta property=\"product:condition\" content=\"new\" \/>\n<!-- \/ Yoast SEO Premium plugin. -->","yoast_head_json":{"title":"Skeggsl\u00e1in er fr\u00e1b\u00e6r lausn sem virkar \u00feegar snyrta \u00fearf skeggi\u00f0","description":"Skeggsl\u00e1in er fr\u00e1b\u00e6r lausn sem virkar \u00feegar snyrta \u00fearf skeggi\u00f0 og halda h\u00e1rum fr\u00e1 innr\u00e9ttingu og golfi.","robots":{"index":"index","follow":"follow","max-snippet":"max-snippet:-1","max-image-preview":"max-image-preview:large","max-video-preview":"max-video-preview:-1"},"canonical":"https:\/\/vorulagerinn.is\/product\/beard-shaving-cape\/","og_locale":"en_US","og_type":"article","og_title":"Skeggsl\u00e1 (Beard Shaving Cape)","og_description":"Skeggsl\u00e1in er fr\u00e1b\u00e6r lausn sem virkar \u00feegar snyrta \u00fearf skeggi\u00f0 og halda h\u00e1rum fr\u00e1 innr\u00e9ttingu og golfi.","og_url":"https:\/\/vorulagerinn.is\/product\/beard-shaving-cape\/","og_site_name":"V&ouml;rulagerinn","article_publisher":"https:\/\/www.facebook.com\/vorulagerinn","article_modified_time":"2026-04-10T16:22:42+00:00","og_image":[{"width":600,"height":600,"url":"https:\/\/vorulagerinn.is\/wp-content\/uploads\/2022\/09\/Skeggsla.jpg","type":"image\/jpeg"}],"twitter_card":"summary_large_image","twitter_misc":{"Availability":"In stock"},"schema":{"@context":"https:\/\/schema.org","@graph":[{"@type":"WebPage","@id":"https:\/\/vorulagerinn.is\/product\/beard-shaving-cape\/","url":"https:\/\/vorulagerinn.is\/product\/beard-shaving-cape\/","name":"Skeggsl\u00e1in er fr\u00e1b\u00e6r lausn sem virkar \u00feegar snyrta \u00fearf skeggi\u00f0","isPartOf":{"@id":"https:\/\/vorulagerinn.is\/#website"},"primaryImageOfPage":{"@id":"https:\/\/vorulagerinn.is\/product\/beard-shaving-cape\/#primaryimage"},"image":{"@id":"https:\/\/vorulagerinn.is\/product\/beard-shaving-cape\/#primaryimage"},"thumbnailUrl":"https:\/\/vorulagerinn.is\/wp-content\/uploads\/2022\/09\/Skeggsla.jpg","datePublished":"2022-09-25T17:39:08+00:00","dateModified":"2026-04-10T16:22:42+00:00","description":"Skeggsl\u00e1in er fr\u00e1b\u00e6r lausn sem virkar \u00feegar snyrta \u00fearf skeggi\u00f0 og halda h\u00e1rum fr\u00e1 innr\u00e9ttingu og golfi.","breadcrumb":{"@id":"https:\/\/vorulagerinn.is\/product\/beard-shaving-cape\/#breadcrumb"},"inLanguage":"en-US","potentialAction":[{"@type":"ReadAction","target":["https:\/\/vorulagerinn.is\/product\/beard-shaving-cape\/"]}]},{"@type":"ImageObject","inLanguage":"en-US","@id":"https:\/\/vorulagerinn.is\/product\/beard-shaving-cape\/#primaryimage","url":"https:\/\/vorulagerinn.is\/wp-content\/uploads\/2022\/09\/Skeggsla.jpg","contentUrl":"https:\/\/vorulagerinn.is\/wp-content\/uploads\/2022\/09\/Skeggsla.jpg","width":600,"height":600},{"@type":"BreadcrumbList","@id":"https:\/\/vorulagerinn.is\/product\/beard-shaving-cape\/#breadcrumb","itemListElement":[{"@type":"ListItem","position":1,"name":"Home","item":"https:\/\/vorulagerinn.is\/"},{"@type":"ListItem","position":2,"name":"Shop","item":"https:\/\/vorulagerinn.is\/en\/shop\/"},{"@type":"ListItem","position":3,"name":"Skeggsl\u00e1 (Beard Shaving Cape)"}]},{"@type":"WebSite","@id":"https:\/\/vorulagerinn.is\/#website","url":"https:\/\/vorulagerinn.is\/","name":"V\u00f6rulagerinn","description":"L\u00e1ttu \u00fea\u00f0 eftir \u00fe\u00e9r","publisher":{"@id":"https:\/\/vorulagerinn.is\/#organization"},"potentialAction":[{"@type":"SearchAction","target":{"@type":"EntryPoint","urlTemplate":"https:\/\/vorulagerinn.is\/?s={search_term_string}"},"query-input":{"@type":"PropertyValueSpecification","valueRequired":true,"valueName":"search_term_string"}}],"inLanguage":"en-US"},{"@type":"Organization","@id":"https:\/\/vorulagerinn.is\/#organization","name":"V\u00f6rulagerinn","url":"https:\/\/vorulagerinn.is\/","logo":{"@type":"ImageObject","inLanguage":"en-US","@id":"https:\/\/vorulagerinn.is\/#\/schema\/logo\/image\/","url":"https:\/\/vorulagerinn.is\/wp-content\/uploads\/2022\/09\/Vorulagerinn-Logo-588x160-1.png","contentUrl":"https:\/\/vorulagerinn.is\/wp-content\/uploads\/2022\/09\/Vorulagerinn-Logo-588x160-1.png","width":588,"height":160,"caption":"V\u00f6rulagerinn"},"image":{"@id":"https:\/\/vorulagerinn.is\/#\/schema\/logo\/image\/"},"sameAs":["https:\/\/www.facebook.com\/vorulagerinn","https:\/\/www.instagram.com\/vorulagerinn\/"]}]},"og_availability":"instock","product_availability":"instock","product_retailer_item_id":"V23","product_condition":"new"},"_links":{"self":[{"href":"https:\/\/vorulagerinn.is\/en\/wp-json\/wp\/v2\/product\/3134","targetHints":{"allow":["GET"]}}],"collection":[{"href":"https:\/\/vorulagerinn.is\/en\/wp-json\/wp\/v2\/product"}],"about":[{"href":"https:\/\/vorulagerinn.is\/en\/wp-json\/wp\/v2\/types\/product"}],"wp:featuredmedia":[{"embeddable":true,"href":"https:\/\/vorulagerinn.is\/en\/wp-json\/wp\/v2\/media\/26800"}],"wp:attachment":[{"href":"https:\/\/vorulagerinn.is\/en\/wp-json\/wp\/v2\/media?parent=3134"}],"wp:term":[{"taxonomy":"product_brand","embeddable":true,"href":"https:\/\/vorulagerinn.is\/en\/wp-json\/wp\/v2\/product_brand?post=3134"},{"taxonomy":"product_cat","embeddable":true,"href":"https:\/\/vorulagerinn.is\/en\/wp-json\/wp\/v2\/product_cat?post=3134"},{"taxonomy":"product_tag","embeddable":true,"href":"https:\/\/vorulagerinn.is\/en\/wp-json\/wp\/v2\/product_tag?post=3134"}],"curies":[{"name":"wp","href":"https:\/\/api.w.org\/{rel}","templated":true}]}}