{"id":3527,"date":"2022-10-09T12:42:28","date_gmt":"2022-10-09T12:42:28","guid":{"rendered":"https:\/\/vorulagerinn.is\/?post_type=product&#038;p=3527"},"modified":"2025-11-10T17:31:53","modified_gmt":"2025-11-10T17:31:53","slug":"vefmyndavelalok-a-farsima-ipad-og-fartolvur","status":"publish","type":"product","link":"https:\/\/vorulagerinn.is\/en\/product\/vefmyndavelalok-a-farsima-ipad-og-fartolvur\/","title":{"rendered":"Vefmyndav\u00e9lalok \u00e1 fars\u00edma, ipad og fart\u00f6lvur"},"content":{"rendered":"","protected":false},"excerpt":{"rendered":"<p>Vefmyndav\u00e9laloki\u00f0 kemur \u00ed veg fyrir a\u00f0 \u00f3pr\u00fattnir a\u00f0ilar s\u00e9u a\u00f0 horfa \u00e1 \u00feig \u00ed beinni (live) \u00ed gegnum vefmyndav\u00e9lina \u00e1 snjalls\u00edmanum, ipad e\u00f0a fart\u00f6lvunni \u00feinni. \u00deegar nota \u00fearf vefmyndav\u00e9lina er loki\u00f0 dregi\u00f0 til hli\u00f0ar og \u00fev\u00ed aftur loka\u00f0 eftir notkun.<\/p>\n<p><strong>Litur:<\/strong> Svartur og hv\u00edtur<br \/>\n<strong>St\u00e6r\u00f0:<\/strong> 18,5 x 9 x 0,7 mm<br \/>\n<strong>Fj\u00f6ldi \u00ed pakka:<\/strong> 3 stk<\/p>\n","protected":false},"featured_media":3534,"template":"","meta":[],"product_brand":[],"product_cat":[233],"product_tag":[],"class_list":{"0":"post-3527","1":"product","2":"type-product","3":"status-publish","4":"has-post-thumbnail","6":"product_cat-raftaeki","8":"first","9":"instock","10":"sale","11":"taxable","12":"shipping-taxable","13":"purchasable","14":"product-type-variable"},"supplier_id":null,"supplier_sku":"","barcode":null,"atum_controlled":true,"out_stock_date":null,"out_stock_threshold":null,"inheritable":false,"inbound_stock":0,"stock_on_hold":0,"sold_today":0,"sales_last_days":0,"reserved_stock":0,"customer_returns":0,"warehouse_damage":0,"lost_in_post":0,"other_logs":0,"out_stock_days":0,"lost_sales":0,"has_location":null,"update_date":"2026-04-12T00:15:24","atum_locations":[],"atum_stock_status":"instock","restock_status":false,"low_stock_amount":"","sales_update_date":"2026-04-12T00:15:24","calc_backorders":null,"yoast_head":"<!-- This site is optimized with the Yoast SEO Premium plugin v26.6 (Yoast SEO v27.3) - https:\/\/yoast.com\/product\/yoast-seo-premium-wordpress\/ -->\n<title>Vefmyndav\u00e9lalok \u00e1 fars\u00edma, ipad og fart\u00f6lvur<\/title>\n<meta name=\"description\" content=\"Vefmyndav\u00e9laloki\u00f0 kemur \u00ed veg fyrir a\u00f0 \u00f3pr\u00fattnir a\u00f0ilar s\u00e9u a\u00f0 fylgjast me\u00f0 \u00fe\u00e9r \u00ed gegnum vefmyndav\u00e9lina \u00e1 snjalls\u00edmanum, ipad e\u00f0a fart\u00f6lvunni.\" \/>\n<meta name=\"robots\" content=\"index, follow, max-snippet:-1, max-image-preview:large, max-video-preview:-1\" \/>\n<link rel=\"canonical\" href=\"https:\/\/vorulagerinn.is\/product\/vefmyndavelalok-a-farsima-ipad-og-fartolvur\/\" \/>\n<meta property=\"og:locale\" content=\"en_US\" \/>\n<meta property=\"og:type\" content=\"article\" \/>\n<meta property=\"og:title\" content=\"Vefmyndav\u00e9lalok \u00e1 fars\u00edma, ipad og fart\u00f6lvur\" \/>\n<meta property=\"og:description\" content=\"Vefmyndav\u00e9laloki\u00f0 kemur \u00ed veg fyrir a\u00f0 \u00f3pr\u00fattnir a\u00f0ilar s\u00e9u a\u00f0 fylgjast me\u00f0 \u00fe\u00e9r \u00ed gegnum vefmyndav\u00e9lina \u00e1 snjalls\u00edmanum, ipad e\u00f0a fart\u00f6lvunni.\" \/>\n<meta property=\"og:url\" content=\"https:\/\/vorulagerinn.is\/product\/vefmyndavelalok-a-farsima-ipad-og-fartolvur\/\" \/>\n<meta property=\"og:site_name\" content=\"V&ouml;rulagerinn\" \/>\n<meta property=\"article:publisher\" content=\"https:\/\/www.facebook.com\/vorulagerinn\" \/>\n<meta property=\"article:modified_time\" content=\"2025-11-10T17:31:53+00:00\" \/>\n<meta property=\"og:image\" content=\"https:\/\/vorulagerinn.is\/wp-content\/uploads\/2022\/10\/Vefmyndavelalok2.jpg\" \/>\n\t<meta property=\"og:image:width\" content=\"633\" \/>\n\t<meta property=\"og:image:height\" content=\"600\" \/>\n\t<meta property=\"og:image:type\" content=\"image\/jpeg\" \/>\n<meta name=\"twitter:card\" content=\"summary_large_image\" \/>\n<meta name=\"twitter:label1\" content=\"Availability\" \/>\n\t<meta name=\"twitter:data1\" content=\"In stock\" \/>\n<script type=\"application\/ld+json\" class=\"yoast-schema-graph\">{\"@context\":\"https:\\\/\\\/schema.org\",\"@graph\":[{\"@type\":\"WebPage\",\"@id\":\"https:\\\/\\\/vorulagerinn.is\\\/product\\\/vefmyndavelalok-a-farsima-ipad-og-fartolvur\\\/\",\"url\":\"https:\\\/\\\/vorulagerinn.is\\\/product\\\/vefmyndavelalok-a-farsima-ipad-og-fartolvur\\\/\",\"name\":\"Vefmyndav\u00e9lalok \u00e1 fars\u00edma, ipad og fart\u00f6lvur\",\"isPartOf\":{\"@id\":\"https:\\\/\\\/vorulagerinn.is\\\/#website\"},\"primaryImageOfPage\":{\"@id\":\"https:\\\/\\\/vorulagerinn.is\\\/product\\\/vefmyndavelalok-a-farsima-ipad-og-fartolvur\\\/#primaryimage\"},\"image\":{\"@id\":\"https:\\\/\\\/vorulagerinn.is\\\/product\\\/vefmyndavelalok-a-farsima-ipad-og-fartolvur\\\/#primaryimage\"},\"thumbnailUrl\":\"https:\\\/\\\/vorulagerinn.is\\\/wp-content\\\/uploads\\\/2022\\\/10\\\/Vefmyndavelalok2.jpg\",\"datePublished\":\"2022-10-09T12:42:28+00:00\",\"dateModified\":\"2025-11-10T17:31:53+00:00\",\"description\":\"Vefmyndav\u00e9laloki\u00f0 kemur \u00ed veg fyrir a\u00f0 \u00f3pr\u00fattnir a\u00f0ilar s\u00e9u a\u00f0 fylgjast me\u00f0 \u00fe\u00e9r \u00ed gegnum vefmyndav\u00e9lina \u00e1 snjalls\u00edmanum, ipad e\u00f0a fart\u00f6lvunni.\",\"breadcrumb\":{\"@id\":\"https:\\\/\\\/vorulagerinn.is\\\/product\\\/vefmyndavelalok-a-farsima-ipad-og-fartolvur\\\/#breadcrumb\"},\"inLanguage\":\"en-US\",\"potentialAction\":[{\"@type\":\"ReadAction\",\"target\":[\"https:\\\/\\\/vorulagerinn.is\\\/product\\\/vefmyndavelalok-a-farsima-ipad-og-fartolvur\\\/\"]}]},{\"@type\":\"ImageObject\",\"inLanguage\":\"en-US\",\"@id\":\"https:\\\/\\\/vorulagerinn.is\\\/product\\\/vefmyndavelalok-a-farsima-ipad-og-fartolvur\\\/#primaryimage\",\"url\":\"https:\\\/\\\/vorulagerinn.is\\\/wp-content\\\/uploads\\\/2022\\\/10\\\/Vefmyndavelalok2.jpg\",\"contentUrl\":\"https:\\\/\\\/vorulagerinn.is\\\/wp-content\\\/uploads\\\/2022\\\/10\\\/Vefmyndavelalok2.jpg\",\"width\":633,\"height\":600},{\"@type\":\"BreadcrumbList\",\"@id\":\"https:\\\/\\\/vorulagerinn.is\\\/product\\\/vefmyndavelalok-a-farsima-ipad-og-fartolvur\\\/#breadcrumb\",\"itemListElement\":[{\"@type\":\"ListItem\",\"position\":1,\"name\":\"Home\",\"item\":\"https:\\\/\\\/vorulagerinn.is\\\/\"},{\"@type\":\"ListItem\",\"position\":2,\"name\":\"Shop\",\"item\":\"https:\\\/\\\/vorulagerinn.is\\\/en\\\/shop\\\/\"},{\"@type\":\"ListItem\",\"position\":3,\"name\":\"Vefmyndav\u00e9lalok \u00e1 fars\u00edma, ipad og fart\u00f6lvur\"}]},{\"@type\":\"WebSite\",\"@id\":\"https:\\\/\\\/vorulagerinn.is\\\/#website\",\"url\":\"https:\\\/\\\/vorulagerinn.is\\\/\",\"name\":\"V\u00f6rulagerinn\",\"description\":\"L\u00e1ttu \u00fea\u00f0 eftir \u00fe\u00e9r\",\"publisher\":{\"@id\":\"https:\\\/\\\/vorulagerinn.is\\\/#organization\"},\"potentialAction\":[{\"@type\":\"SearchAction\",\"target\":{\"@type\":\"EntryPoint\",\"urlTemplate\":\"https:\\\/\\\/vorulagerinn.is\\\/?s={search_term_string}\"},\"query-input\":{\"@type\":\"PropertyValueSpecification\",\"valueRequired\":true,\"valueName\":\"search_term_string\"}}],\"inLanguage\":\"en-US\"},{\"@type\":\"Organization\",\"@id\":\"https:\\\/\\\/vorulagerinn.is\\\/#organization\",\"name\":\"V\u00f6rulagerinn\",\"url\":\"https:\\\/\\\/vorulagerinn.is\\\/\",\"logo\":{\"@type\":\"ImageObject\",\"inLanguage\":\"en-US\",\"@id\":\"https:\\\/\\\/vorulagerinn.is\\\/#\\\/schema\\\/logo\\\/image\\\/\",\"url\":\"https:\\\/\\\/vorulagerinn.is\\\/wp-content\\\/uploads\\\/2022\\\/09\\\/Vorulagerinn-Logo-588x160-1.png\",\"contentUrl\":\"https:\\\/\\\/vorulagerinn.is\\\/wp-content\\\/uploads\\\/2022\\\/09\\\/Vorulagerinn-Logo-588x160-1.png\",\"width\":588,\"height\":160,\"caption\":\"V\u00f6rulagerinn\"},\"image\":{\"@id\":\"https:\\\/\\\/vorulagerinn.is\\\/#\\\/schema\\\/logo\\\/image\\\/\"},\"sameAs\":[\"https:\\\/\\\/www.facebook.com\\\/vorulagerinn\",\"https:\\\/\\\/www.instagram.com\\\/vorulagerinn\\\/\"]}]}<\/script>\n<meta property=\"og:availability\" content=\"instock\" \/>\n<meta property=\"product:availability\" content=\"instock\" \/>\n<meta property=\"product:retailer_item_id\" content=\"V38\" \/>\n<meta property=\"product:condition\" content=\"new\" \/>\n<!-- \/ Yoast SEO Premium plugin. -->","yoast_head_json":{"title":"Vefmyndav\u00e9lalok \u00e1 fars\u00edma, ipad og fart\u00f6lvur","description":"Vefmyndav\u00e9laloki\u00f0 kemur \u00ed veg fyrir a\u00f0 \u00f3pr\u00fattnir a\u00f0ilar s\u00e9u a\u00f0 fylgjast me\u00f0 \u00fe\u00e9r \u00ed gegnum vefmyndav\u00e9lina \u00e1 snjalls\u00edmanum, ipad e\u00f0a fart\u00f6lvunni.","robots":{"index":"index","follow":"follow","max-snippet":"max-snippet:-1","max-image-preview":"max-image-preview:large","max-video-preview":"max-video-preview:-1"},"canonical":"https:\/\/vorulagerinn.is\/product\/vefmyndavelalok-a-farsima-ipad-og-fartolvur\/","og_locale":"en_US","og_type":"article","og_title":"Vefmyndav\u00e9lalok \u00e1 fars\u00edma, ipad og fart\u00f6lvur","og_description":"Vefmyndav\u00e9laloki\u00f0 kemur \u00ed veg fyrir a\u00f0 \u00f3pr\u00fattnir a\u00f0ilar s\u00e9u a\u00f0 fylgjast me\u00f0 \u00fe\u00e9r \u00ed gegnum vefmyndav\u00e9lina \u00e1 snjalls\u00edmanum, ipad e\u00f0a fart\u00f6lvunni.","og_url":"https:\/\/vorulagerinn.is\/product\/vefmyndavelalok-a-farsima-ipad-og-fartolvur\/","og_site_name":"V&ouml;rulagerinn","article_publisher":"https:\/\/www.facebook.com\/vorulagerinn","article_modified_time":"2025-11-10T17:31:53+00:00","og_image":[{"width":633,"height":600,"url":"https:\/\/vorulagerinn.is\/wp-content\/uploads\/2022\/10\/Vefmyndavelalok2.jpg","type":"image\/jpeg"}],"twitter_card":"summary_large_image","twitter_misc":{"Availability":"In stock"},"schema":{"@context":"https:\/\/schema.org","@graph":[{"@type":"WebPage","@id":"https:\/\/vorulagerinn.is\/product\/vefmyndavelalok-a-farsima-ipad-og-fartolvur\/","url":"https:\/\/vorulagerinn.is\/product\/vefmyndavelalok-a-farsima-ipad-og-fartolvur\/","name":"Vefmyndav\u00e9lalok \u00e1 fars\u00edma, ipad og fart\u00f6lvur","isPartOf":{"@id":"https:\/\/vorulagerinn.is\/#website"},"primaryImageOfPage":{"@id":"https:\/\/vorulagerinn.is\/product\/vefmyndavelalok-a-farsima-ipad-og-fartolvur\/#primaryimage"},"image":{"@id":"https:\/\/vorulagerinn.is\/product\/vefmyndavelalok-a-farsima-ipad-og-fartolvur\/#primaryimage"},"thumbnailUrl":"https:\/\/vorulagerinn.is\/wp-content\/uploads\/2022\/10\/Vefmyndavelalok2.jpg","datePublished":"2022-10-09T12:42:28+00:00","dateModified":"2025-11-10T17:31:53+00:00","description":"Vefmyndav\u00e9laloki\u00f0 kemur \u00ed veg fyrir a\u00f0 \u00f3pr\u00fattnir a\u00f0ilar s\u00e9u a\u00f0 fylgjast me\u00f0 \u00fe\u00e9r \u00ed gegnum vefmyndav\u00e9lina \u00e1 snjalls\u00edmanum, ipad e\u00f0a fart\u00f6lvunni.","breadcrumb":{"@id":"https:\/\/vorulagerinn.is\/product\/vefmyndavelalok-a-farsima-ipad-og-fartolvur\/#breadcrumb"},"inLanguage":"en-US","potentialAction":[{"@type":"ReadAction","target":["https:\/\/vorulagerinn.is\/product\/vefmyndavelalok-a-farsima-ipad-og-fartolvur\/"]}]},{"@type":"ImageObject","inLanguage":"en-US","@id":"https:\/\/vorulagerinn.is\/product\/vefmyndavelalok-a-farsima-ipad-og-fartolvur\/#primaryimage","url":"https:\/\/vorulagerinn.is\/wp-content\/uploads\/2022\/10\/Vefmyndavelalok2.jpg","contentUrl":"https:\/\/vorulagerinn.is\/wp-content\/uploads\/2022\/10\/Vefmyndavelalok2.jpg","width":633,"height":600},{"@type":"BreadcrumbList","@id":"https:\/\/vorulagerinn.is\/product\/vefmyndavelalok-a-farsima-ipad-og-fartolvur\/#breadcrumb","itemListElement":[{"@type":"ListItem","position":1,"name":"Home","item":"https:\/\/vorulagerinn.is\/"},{"@type":"ListItem","position":2,"name":"Shop","item":"https:\/\/vorulagerinn.is\/en\/shop\/"},{"@type":"ListItem","position":3,"name":"Vefmyndav\u00e9lalok \u00e1 fars\u00edma, ipad og fart\u00f6lvur"}]},{"@type":"WebSite","@id":"https:\/\/vorulagerinn.is\/#website","url":"https:\/\/vorulagerinn.is\/","name":"V\u00f6rulagerinn","description":"L\u00e1ttu \u00fea\u00f0 eftir \u00fe\u00e9r","publisher":{"@id":"https:\/\/vorulagerinn.is\/#organization"},"potentialAction":[{"@type":"SearchAction","target":{"@type":"EntryPoint","urlTemplate":"https:\/\/vorulagerinn.is\/?s={search_term_string}"},"query-input":{"@type":"PropertyValueSpecification","valueRequired":true,"valueName":"search_term_string"}}],"inLanguage":"en-US"},{"@type":"Organization","@id":"https:\/\/vorulagerinn.is\/#organization","name":"V\u00f6rulagerinn","url":"https:\/\/vorulagerinn.is\/","logo":{"@type":"ImageObject","inLanguage":"en-US","@id":"https:\/\/vorulagerinn.is\/#\/schema\/logo\/image\/","url":"https:\/\/vorulagerinn.is\/wp-content\/uploads\/2022\/09\/Vorulagerinn-Logo-588x160-1.png","contentUrl":"https:\/\/vorulagerinn.is\/wp-content\/uploads\/2022\/09\/Vorulagerinn-Logo-588x160-1.png","width":588,"height":160,"caption":"V\u00f6rulagerinn"},"image":{"@id":"https:\/\/vorulagerinn.is\/#\/schema\/logo\/image\/"},"sameAs":["https:\/\/www.facebook.com\/vorulagerinn","https:\/\/www.instagram.com\/vorulagerinn\/"]}]},"og_availability":"instock","product_availability":"instock","product_retailer_item_id":"V38","product_condition":"new"},"_links":{"self":[{"href":"https:\/\/vorulagerinn.is\/en\/wp-json\/wp\/v2\/product\/3527","targetHints":{"allow":["GET"]}}],"collection":[{"href":"https:\/\/vorulagerinn.is\/en\/wp-json\/wp\/v2\/product"}],"about":[{"href":"https:\/\/vorulagerinn.is\/en\/wp-json\/wp\/v2\/types\/product"}],"wp:featuredmedia":[{"embeddable":true,"href":"https:\/\/vorulagerinn.is\/en\/wp-json\/wp\/v2\/media\/3534"}],"wp:attachment":[{"href":"https:\/\/vorulagerinn.is\/en\/wp-json\/wp\/v2\/media?parent=3527"}],"wp:term":[{"taxonomy":"product_brand","embeddable":true,"href":"https:\/\/vorulagerinn.is\/en\/wp-json\/wp\/v2\/product_brand?post=3527"},{"taxonomy":"product_cat","embeddable":true,"href":"https:\/\/vorulagerinn.is\/en\/wp-json\/wp\/v2\/product_cat?post=3527"},{"taxonomy":"product_tag","embeddable":true,"href":"https:\/\/vorulagerinn.is\/en\/wp-json\/wp\/v2\/product_tag?post=3527"}],"curies":[{"name":"wp","href":"https:\/\/api.w.org\/{rel}","templated":true}]}}