{"id":3607,"date":"2022-10-14T16:09:37","date_gmt":"2022-10-14T16:09:37","guid":{"rendered":"https:\/\/vorulagerinn.is\/?post_type=product&#038;p=3607"},"modified":"2026-02-11T15:16:53","modified_gmt":"2026-02-11T15:16:53","slug":"islenski-faninn","status":"publish","type":"product","link":"https:\/\/vorulagerinn.is\/en\/product\/islenski-faninn\/","title":{"rendered":"\u00cdslenski f\u00e1ninn"},"content":{"rendered":"","protected":false},"excerpt":{"rendered":"<p>\u00cdslenski f\u00e1ninn hentar fyrir 4-6 metra langar stangir og \u00feegar vind\u00e1lagi\u00f0 er ekki miki\u00f0. Flagga\u00f0u \u00edslenska f\u00e1nanum \u00ed sumarb\u00fasta\u00f0inum e\u00f0a \u00e1 h\u00e1t\u00ed\u00f0arstundum heima. \u00dea\u00f0 er einnig h\u00e6gt a\u00f0 hengja hann \u00e1 vegg, taka me\u00f0 \u00e1 landsleiki e\u00f0a erlendis. F\u00e1ninn er 90 x 150 cm og er \u00far 100% polyester.<\/p>\n<p>St\u00e6r\u00f0: 90 x 150 cm<br \/>\n\u00deyngd: 90g<\/p>\n","protected":false},"featured_media":22839,"template":"","meta":[],"product_brand":[],"product_cat":[221],"product_tag":[],"class_list":{"0":"post-3607","1":"product","2":"type-product","3":"status-publish","4":"has-post-thumbnail","6":"product_cat-fanar","8":"first","9":"instock","10":"featured","11":"taxable","12":"shipping-taxable","13":"purchasable","14":"product-type-simple"},"supplier_id":null,"supplier_sku":"","barcode":null,"atum_controlled":true,"out_stock_date":null,"out_stock_threshold":null,"inheritable":false,"inbound_stock":0,"stock_on_hold":0,"sold_today":0,"sales_last_days":0,"reserved_stock":0,"customer_returns":0,"warehouse_damage":0,"lost_in_post":0,"other_logs":0,"out_stock_days":0,"lost_sales":0,"has_location":true,"update_date":"2026-04-19T00:22:45","atum_locations":[{"id":462,"name":"Laugavegur 178","slug":"laugavegur-178"}],"atum_stock_status":"instock","restock_status":false,"low_stock_amount":"","sales_update_date":"2026-04-19T00:22:45","calc_backorders":null,"yoast_head":"<!-- This site is optimized with the Yoast SEO Premium plugin v26.6 (Yoast SEO v27.3) - https:\/\/yoast.com\/product\/yoast-seo-premium-wordpress\/ -->\n<title>\u00cdslenski f\u00e1ninn 90x150 cm | Flagga\u00f0u \u00e1 h\u00e1t\u00ed\u00f0arstundum<\/title>\n<meta name=\"description\" content=\"Flagga\u00f0u \u00edslenska f\u00e1nanum \u00ed sumarb\u00fasta\u00f0inum e\u00f0a \u00e1 h\u00e1t\u00ed\u00f0arstundum heima. \u00dea\u00f0 er einnig h\u00e6gt a\u00f0 hengja hann \u00e1 vegg, taka me\u00f0 \u00e1 landsleiki e\u00f0a erlendis.\" \/>\n<meta name=\"robots\" content=\"index, follow, max-snippet:-1, max-image-preview:large, max-video-preview:-1\" \/>\n<link rel=\"canonical\" href=\"https:\/\/vorulagerinn.is\/product\/islenski-faninn\/\" \/>\n<meta property=\"og:locale\" content=\"en_US\" \/>\n<meta property=\"og:type\" content=\"article\" \/>\n<meta property=\"og:title\" content=\"\u00cdslenski f\u00e1ninn\" \/>\n<meta property=\"og:description\" content=\"Flagga\u00f0u \u00edslenska f\u00e1nanum \u00ed sumarb\u00fasta\u00f0inum e\u00f0a \u00e1 h\u00e1t\u00ed\u00f0arstundum heima. \u00dea\u00f0 er einnig h\u00e6gt a\u00f0 hengja hann \u00e1 vegg, taka me\u00f0 \u00e1 landsleiki e\u00f0a erlendis.\" \/>\n<meta property=\"og:url\" content=\"https:\/\/vorulagerinn.is\/product\/islenski-faninn\/\" \/>\n<meta property=\"og:site_name\" content=\"V&ouml;rulagerinn\" \/>\n<meta property=\"article:publisher\" content=\"https:\/\/www.facebook.com\/vorulagerinn\" \/>\n<meta property=\"article:modified_time\" content=\"2026-02-11T15:16:53+00:00\" \/>\n<meta property=\"og:image\" content=\"https:\/\/vorulagerinn.is\/wp-content\/uploads\/2022\/10\/Islenski-faninn-vorulagerinn.is_.jpg\" \/>\n\t<meta property=\"og:image:width\" content=\"600\" \/>\n\t<meta property=\"og:image:height\" content=\"600\" \/>\n\t<meta property=\"og:image:type\" content=\"image\/jpeg\" \/>\n<meta name=\"twitter:card\" content=\"summary_large_image\" \/>\n<meta name=\"twitter:label1\" content=\"Price\" \/>\n\t<meta name=\"twitter:data1\" content=\"4.400&nbsp;kr.\" \/>\n\t<meta name=\"twitter:label2\" content=\"Availability\" \/>\n\t<meta name=\"twitter:data2\" content=\"In stock\" \/>\n<script type=\"application\/ld+json\" class=\"yoast-schema-graph\">{\"@context\":\"https:\\\/\\\/schema.org\",\"@graph\":[{\"@type\":\"WebPage\",\"@id\":\"https:\\\/\\\/vorulagerinn.is\\\/product\\\/islenski-faninn\\\/\",\"url\":\"https:\\\/\\\/vorulagerinn.is\\\/product\\\/islenski-faninn\\\/\",\"name\":\"\u00cdslenski f\u00e1ninn 90x150 cm | Flagga\u00f0u \u00e1 h\u00e1t\u00ed\u00f0arstundum\",\"isPartOf\":{\"@id\":\"https:\\\/\\\/vorulagerinn.is\\\/#website\"},\"primaryImageOfPage\":{\"@id\":\"https:\\\/\\\/vorulagerinn.is\\\/product\\\/islenski-faninn\\\/#primaryimage\"},\"image\":{\"@id\":\"https:\\\/\\\/vorulagerinn.is\\\/product\\\/islenski-faninn\\\/#primaryimage\"},\"thumbnailUrl\":\"https:\\\/\\\/vorulagerinn.is\\\/wp-content\\\/uploads\\\/2022\\\/10\\\/Islenski-faninn-vorulagerinn.is_.jpg\",\"datePublished\":\"2022-10-14T16:09:37+00:00\",\"dateModified\":\"2026-02-11T15:16:53+00:00\",\"description\":\"Flagga\u00f0u \u00edslenska f\u00e1nanum \u00ed sumarb\u00fasta\u00f0inum e\u00f0a \u00e1 h\u00e1t\u00ed\u00f0arstundum heima. \u00dea\u00f0 er einnig h\u00e6gt a\u00f0 hengja hann \u00e1 vegg, taka me\u00f0 \u00e1 landsleiki e\u00f0a erlendis.\",\"breadcrumb\":{\"@id\":\"https:\\\/\\\/vorulagerinn.is\\\/product\\\/islenski-faninn\\\/#breadcrumb\"},\"inLanguage\":\"en-US\",\"potentialAction\":[{\"@type\":\"ReadAction\",\"target\":[\"https:\\\/\\\/vorulagerinn.is\\\/product\\\/islenski-faninn\\\/\"]}]},{\"@type\":\"ImageObject\",\"inLanguage\":\"en-US\",\"@id\":\"https:\\\/\\\/vorulagerinn.is\\\/product\\\/islenski-faninn\\\/#primaryimage\",\"url\":\"https:\\\/\\\/vorulagerinn.is\\\/wp-content\\\/uploads\\\/2022\\\/10\\\/Islenski-faninn-vorulagerinn.is_.jpg\",\"contentUrl\":\"https:\\\/\\\/vorulagerinn.is\\\/wp-content\\\/uploads\\\/2022\\\/10\\\/Islenski-faninn-vorulagerinn.is_.jpg\",\"width\":600,\"height\":600},{\"@type\":\"BreadcrumbList\",\"@id\":\"https:\\\/\\\/vorulagerinn.is\\\/product\\\/islenski-faninn\\\/#breadcrumb\",\"itemListElement\":[{\"@type\":\"ListItem\",\"position\":1,\"name\":\"Home\",\"item\":\"https:\\\/\\\/vorulagerinn.is\\\/\"},{\"@type\":\"ListItem\",\"position\":2,\"name\":\"Shop\",\"item\":\"https:\\\/\\\/vorulagerinn.is\\\/en\\\/shop\\\/\"},{\"@type\":\"ListItem\",\"position\":3,\"name\":\"\u00cdslenski f\u00e1ninn\"}]},{\"@type\":\"WebSite\",\"@id\":\"https:\\\/\\\/vorulagerinn.is\\\/#website\",\"url\":\"https:\\\/\\\/vorulagerinn.is\\\/\",\"name\":\"V\u00f6rulagerinn\",\"description\":\"L\u00e1ttu \u00fea\u00f0 eftir \u00fe\u00e9r\",\"publisher\":{\"@id\":\"https:\\\/\\\/vorulagerinn.is\\\/#organization\"},\"potentialAction\":[{\"@type\":\"SearchAction\",\"target\":{\"@type\":\"EntryPoint\",\"urlTemplate\":\"https:\\\/\\\/vorulagerinn.is\\\/?s={search_term_string}\"},\"query-input\":{\"@type\":\"PropertyValueSpecification\",\"valueRequired\":true,\"valueName\":\"search_term_string\"}}],\"inLanguage\":\"en-US\"},{\"@type\":\"Organization\",\"@id\":\"https:\\\/\\\/vorulagerinn.is\\\/#organization\",\"name\":\"V\u00f6rulagerinn\",\"url\":\"https:\\\/\\\/vorulagerinn.is\\\/\",\"logo\":{\"@type\":\"ImageObject\",\"inLanguage\":\"en-US\",\"@id\":\"https:\\\/\\\/vorulagerinn.is\\\/#\\\/schema\\\/logo\\\/image\\\/\",\"url\":\"https:\\\/\\\/vorulagerinn.is\\\/wp-content\\\/uploads\\\/2022\\\/09\\\/Vorulagerinn-Logo-588x160-1.png\",\"contentUrl\":\"https:\\\/\\\/vorulagerinn.is\\\/wp-content\\\/uploads\\\/2022\\\/09\\\/Vorulagerinn-Logo-588x160-1.png\",\"width\":588,\"height\":160,\"caption\":\"V\u00f6rulagerinn\"},\"image\":{\"@id\":\"https:\\\/\\\/vorulagerinn.is\\\/#\\\/schema\\\/logo\\\/image\\\/\"},\"sameAs\":[\"https:\\\/\\\/www.facebook.com\\\/vorulagerinn\",\"https:\\\/\\\/www.instagram.com\\\/vorulagerinn\\\/\"]}]}<\/script>\n<meta property=\"product:price:amount\" content=\"4400\" \/>\n<meta property=\"product:price:currency\" content=\"ISK\" \/>\n<meta property=\"og:availability\" content=\"instock\" \/>\n<meta property=\"product:availability\" content=\"instock\" \/>\n<meta property=\"product:retailer_item_id\" content=\"V32\" \/>\n<meta property=\"product:condition\" content=\"new\" \/>\n<!-- \/ Yoast SEO Premium plugin. -->","yoast_head_json":{"title":"\u00cdslenski f\u00e1ninn 90x150 cm | Flagga\u00f0u \u00e1 h\u00e1t\u00ed\u00f0arstundum","description":"Flagga\u00f0u \u00edslenska f\u00e1nanum \u00ed sumarb\u00fasta\u00f0inum e\u00f0a \u00e1 h\u00e1t\u00ed\u00f0arstundum heima. \u00dea\u00f0 er einnig h\u00e6gt a\u00f0 hengja hann \u00e1 vegg, taka me\u00f0 \u00e1 landsleiki e\u00f0a erlendis.","robots":{"index":"index","follow":"follow","max-snippet":"max-snippet:-1","max-image-preview":"max-image-preview:large","max-video-preview":"max-video-preview:-1"},"canonical":"https:\/\/vorulagerinn.is\/product\/islenski-faninn\/","og_locale":"en_US","og_type":"article","og_title":"\u00cdslenski f\u00e1ninn","og_description":"Flagga\u00f0u \u00edslenska f\u00e1nanum \u00ed sumarb\u00fasta\u00f0inum e\u00f0a \u00e1 h\u00e1t\u00ed\u00f0arstundum heima. \u00dea\u00f0 er einnig h\u00e6gt a\u00f0 hengja hann \u00e1 vegg, taka me\u00f0 \u00e1 landsleiki e\u00f0a erlendis.","og_url":"https:\/\/vorulagerinn.is\/product\/islenski-faninn\/","og_site_name":"V&ouml;rulagerinn","article_publisher":"https:\/\/www.facebook.com\/vorulagerinn","article_modified_time":"2026-02-11T15:16:53+00:00","og_image":[{"width":600,"height":600,"url":"https:\/\/vorulagerinn.is\/wp-content\/uploads\/2022\/10\/Islenski-faninn-vorulagerinn.is_.jpg","type":"image\/jpeg"}],"twitter_card":"summary_large_image","twitter_misc":{"Price":"4.400&nbsp;kr.","Availability":"In stock"},"schema":{"@context":"https:\/\/schema.org","@graph":[{"@type":"WebPage","@id":"https:\/\/vorulagerinn.is\/product\/islenski-faninn\/","url":"https:\/\/vorulagerinn.is\/product\/islenski-faninn\/","name":"\u00cdslenski f\u00e1ninn 90x150 cm | Flagga\u00f0u \u00e1 h\u00e1t\u00ed\u00f0arstundum","isPartOf":{"@id":"https:\/\/vorulagerinn.is\/#website"},"primaryImageOfPage":{"@id":"https:\/\/vorulagerinn.is\/product\/islenski-faninn\/#primaryimage"},"image":{"@id":"https:\/\/vorulagerinn.is\/product\/islenski-faninn\/#primaryimage"},"thumbnailUrl":"https:\/\/vorulagerinn.is\/wp-content\/uploads\/2022\/10\/Islenski-faninn-vorulagerinn.is_.jpg","datePublished":"2022-10-14T16:09:37+00:00","dateModified":"2026-02-11T15:16:53+00:00","description":"Flagga\u00f0u \u00edslenska f\u00e1nanum \u00ed sumarb\u00fasta\u00f0inum e\u00f0a \u00e1 h\u00e1t\u00ed\u00f0arstundum heima. \u00dea\u00f0 er einnig h\u00e6gt a\u00f0 hengja hann \u00e1 vegg, taka me\u00f0 \u00e1 landsleiki e\u00f0a erlendis.","breadcrumb":{"@id":"https:\/\/vorulagerinn.is\/product\/islenski-faninn\/#breadcrumb"},"inLanguage":"en-US","potentialAction":[{"@type":"ReadAction","target":["https:\/\/vorulagerinn.is\/product\/islenski-faninn\/"]}]},{"@type":"ImageObject","inLanguage":"en-US","@id":"https:\/\/vorulagerinn.is\/product\/islenski-faninn\/#primaryimage","url":"https:\/\/vorulagerinn.is\/wp-content\/uploads\/2022\/10\/Islenski-faninn-vorulagerinn.is_.jpg","contentUrl":"https:\/\/vorulagerinn.is\/wp-content\/uploads\/2022\/10\/Islenski-faninn-vorulagerinn.is_.jpg","width":600,"height":600},{"@type":"BreadcrumbList","@id":"https:\/\/vorulagerinn.is\/product\/islenski-faninn\/#breadcrumb","itemListElement":[{"@type":"ListItem","position":1,"name":"Home","item":"https:\/\/vorulagerinn.is\/"},{"@type":"ListItem","position":2,"name":"Shop","item":"https:\/\/vorulagerinn.is\/en\/shop\/"},{"@type":"ListItem","position":3,"name":"\u00cdslenski f\u00e1ninn"}]},{"@type":"WebSite","@id":"https:\/\/vorulagerinn.is\/#website","url":"https:\/\/vorulagerinn.is\/","name":"V\u00f6rulagerinn","description":"L\u00e1ttu \u00fea\u00f0 eftir \u00fe\u00e9r","publisher":{"@id":"https:\/\/vorulagerinn.is\/#organization"},"potentialAction":[{"@type":"SearchAction","target":{"@type":"EntryPoint","urlTemplate":"https:\/\/vorulagerinn.is\/?s={search_term_string}"},"query-input":{"@type":"PropertyValueSpecification","valueRequired":true,"valueName":"search_term_string"}}],"inLanguage":"en-US"},{"@type":"Organization","@id":"https:\/\/vorulagerinn.is\/#organization","name":"V\u00f6rulagerinn","url":"https:\/\/vorulagerinn.is\/","logo":{"@type":"ImageObject","inLanguage":"en-US","@id":"https:\/\/vorulagerinn.is\/#\/schema\/logo\/image\/","url":"https:\/\/vorulagerinn.is\/wp-content\/uploads\/2022\/09\/Vorulagerinn-Logo-588x160-1.png","contentUrl":"https:\/\/vorulagerinn.is\/wp-content\/uploads\/2022\/09\/Vorulagerinn-Logo-588x160-1.png","width":588,"height":160,"caption":"V\u00f6rulagerinn"},"image":{"@id":"https:\/\/vorulagerinn.is\/#\/schema\/logo\/image\/"},"sameAs":["https:\/\/www.facebook.com\/vorulagerinn","https:\/\/www.instagram.com\/vorulagerinn\/"]}]},"product_price_amount":"4400","product_price_currency":"ISK","og_availability":"instock","product_availability":"instock","product_retailer_item_id":"V32","product_condition":"new"},"_links":{"self":[{"href":"https:\/\/vorulagerinn.is\/en\/wp-json\/wp\/v2\/product\/3607","targetHints":{"allow":["GET"]}}],"collection":[{"href":"https:\/\/vorulagerinn.is\/en\/wp-json\/wp\/v2\/product"}],"about":[{"href":"https:\/\/vorulagerinn.is\/en\/wp-json\/wp\/v2\/types\/product"}],"wp:featuredmedia":[{"embeddable":true,"href":"https:\/\/vorulagerinn.is\/en\/wp-json\/wp\/v2\/media\/22839"}],"wp:attachment":[{"href":"https:\/\/vorulagerinn.is\/en\/wp-json\/wp\/v2\/media?parent=3607"}],"wp:term":[{"taxonomy":"product_brand","embeddable":true,"href":"https:\/\/vorulagerinn.is\/en\/wp-json\/wp\/v2\/product_brand?post=3607"},{"taxonomy":"product_cat","embeddable":true,"href":"https:\/\/vorulagerinn.is\/en\/wp-json\/wp\/v2\/product_cat?post=3607"},{"taxonomy":"product_tag","embeddable":true,"href":"https:\/\/vorulagerinn.is\/en\/wp-json\/wp\/v2\/product_tag?post=3607"}],"curies":[{"name":"wp","href":"https:\/\/api.w.org\/{rel}","templated":true}]}}