{"id":3962,"date":"2022-10-30T12:01:15","date_gmt":"2022-10-30T12:01:15","guid":{"rendered":"https:\/\/vorulagerinn.is\/?post_type=product&#038;p=3962"},"modified":"2026-04-07T13:57:13","modified_gmt":"2026-04-07T13:57:13","slug":"skjadeilir","status":"publish","type":"product","link":"https:\/\/vorulagerinn.is\/en\/product\/skjadeilir\/","title":{"rendered":"Skj\u00e1deilir 1&#215;4 HDMI UHD 4K x 2K og 3D"},"content":{"rendered":"<p><strong>1 x 4 HDMI Splitter Converter 1 In 4 Out HDMI 1.4 Splitter Amplifier HDCP 4K X 2K Dual Display for HDTV DVD PS3 Xbox<\/strong><\/p>\n<p>This 1&#215;4 hdmi splitter use a single HDMI source,accessing to multiple HDMI sinks .It allows one HDMI device to be split easily to four HDMI compatible monitors or projectors.In addition\uff0cIt can also be placed at the end of a long HDMI cable to regenerate the HDMI signal. The resolution of this hdmi splitter can be up to 3840X2160\/30HZ.<\/p>\n<p><strong>Features<\/strong><br \/>\n* Support HDMI4b version. * Support 3Dvideo format. * Support high resolution up to 3840X2160\/30HZ. * Support highest rate of 3.2 Gand TMDS clock can be up to 320 MHz. * Support 8\/10\/12 bit deep color<br \/>\n* Support AWG26 HDMI standard cable: input up to 15 meters,output up to 25 meters.(when the resolution is 4K, input up to 12 meters, output up to 15 meters.). * Support one single HDMI source\uff0caccessing to multiple HDMI sinks, the source can be DVD player, A\/V receiver, set top box and ect. * 5V\/2Apower adapter<strong><br \/>\n<\/strong><\/p>\n<p><strong>Specification<\/strong><br \/>\nHDMI version; HDMI 1.4b<br \/>\nHDMI resolution ; up to 3840*2160\/30Hz<br \/>\nSupport video format; 8\/10\/12 bit deep color<br \/>\nSupport audio format; DTS-HD\/Dolby-trueHD\/DTS\/Dolby-AC3\/DSD<br \/>\nMax bandwidth; 320MHz<br \/>\nMax baud rate; 3.2Gbps<br \/>\nInput cable distance; (1080p resolution) \u226415m,(4K resolution)\u226412m AWG26 HDMI standard cable<br \/>\nOutput cable distance; (1080p resolution) \u226425m,(4K resolution)\u226415m AWG26 HDMI standard cable<br \/>\nMax working current; 500mA<br \/>\nPower adapter format; input AC (50HZ, 60HZ) 100V-240V; output: DC5V\/2A<br \/>\nOperating Temperature range; (-15 to +55\u2103)<br \/>\nDimension (L x W x H); 178x66x20 (mm)<br \/>\nWeight; 220g<\/p>\n","protected":false},"excerpt":{"rendered":"<p>4K Ultra HD skj\u00e1deilir me\u00f0 4x HDMI portum og sty\u00f0ur 3D. HDMI upplausn allt a\u00f0 3840 x 2160 30Hz. \u00dea\u00f0 er h\u00e6gt a\u00f0 tengja 4 t\u00f6lvuskj\u00e1i \/ sj\u00f3nv\u00f6rp samt\u00edmis.<\/p>\n<p>&#8211; Litur: Svartur<br \/>\n&#8211; St\u00e6r\u00f0: 17,8 x 6,7 x 2 cm<br \/>\n&#8211; \u00deyngd: 220 gr\u00f6mm<br \/>\n&#8211; Inngangstengi: 1 x HDMI inngangur<br \/>\n&#8211; \u00datgangstengi: 4 x HDMI \u00fatgangar<br \/>\n&#8211; CE, FCC og ROHS<br \/>\n&#8211; N\u00e1nari uppl\u00fdsingar h\u00e9r a\u00f0 ne\u00f0an<\/p>\n","protected":false},"featured_media":9147,"template":"","meta":[],"product_brand":[],"product_cat":[233],"product_tag":[],"class_list":{"0":"post-3962","1":"product","2":"type-product","3":"status-publish","4":"has-post-thumbnail","6":"product_cat-raftaeki","8":"first","9":"instock","10":"featured","11":"taxable","12":"shipping-taxable","13":"purchasable","14":"product-type-simple"},"supplier_id":null,"supplier_sku":"","barcode":null,"atum_controlled":true,"out_stock_date":null,"out_stock_threshold":null,"inheritable":false,"inbound_stock":0,"stock_on_hold":0,"sold_today":0,"sales_last_days":1,"reserved_stock":0,"customer_returns":0,"warehouse_damage":0,"lost_in_post":0,"other_logs":0,"out_stock_days":0,"lost_sales":0,"has_location":false,"update_date":"2026-04-19T00:23:34","atum_locations":[],"atum_stock_status":"instock","restock_status":false,"low_stock_amount":"","sales_update_date":"2026-04-19T00:23:34","calc_backorders":null,"yoast_head":"<!-- This site is optimized with the Yoast SEO Premium plugin v26.6 (Yoast SEO v27.3) - https:\/\/yoast.com\/product\/yoast-seo-premium-wordpress\/ -->\n<title>Skj\u00e1deilir 1x4 HDMI UHD 4K x 2K og 3D<\/title>\n<meta name=\"description\" content=\"4K Ultra HD skj\u00e1deilir me\u00f0 4x HDMI portum og sty\u00f0ur 3D. HDMI upplausn allt a\u00f0 3840 x 2160 30Hz. \u00dea\u00f0 er h\u00e6gt a\u00f0 tengja 4 t\u00f6lvuskj\u00e1i \/ sj\u00f3nv\u00f6rp samt\u00edmis.\" \/>\n<meta name=\"robots\" content=\"index, follow, max-snippet:-1, max-image-preview:large, max-video-preview:-1\" \/>\n<link rel=\"canonical\" href=\"https:\/\/vorulagerinn.is\/product\/skjadeilir\/\" \/>\n<meta property=\"og:locale\" content=\"en_US\" \/>\n<meta property=\"og:type\" content=\"article\" \/>\n<meta property=\"og:title\" content=\"Skj\u00e1deilir 1x4 HDMI UHD 4K x 2K og 3D\" \/>\n<meta property=\"og:description\" content=\"4K Ultra HD skj\u00e1deilir me\u00f0 4x HDMI portum og sty\u00f0ur 3D. HDMI upplausn allt a\u00f0 3840 x 2160 30Hz. \u00dea\u00f0 er h\u00e6gt a\u00f0 tengja 4 t\u00f6lvuskj\u00e1i \/ sj\u00f3nv\u00f6rp samt\u00edmis.\" \/>\n<meta property=\"og:url\" content=\"https:\/\/vorulagerinn.is\/product\/skjadeilir\/\" \/>\n<meta property=\"og:site_name\" content=\"V&ouml;rulagerinn\" \/>\n<meta property=\"article:publisher\" content=\"https:\/\/www.facebook.com\/vorulagerinn\" \/>\n<meta property=\"article:modified_time\" content=\"2026-04-07T13:57:13+00:00\" \/>\n<meta property=\"og:image\" content=\"https:\/\/vorulagerinn.is\/wp-content\/uploads\/2022\/10\/Skjadeilir.jpg\" \/>\n\t<meta property=\"og:image:width\" content=\"600\" \/>\n\t<meta property=\"og:image:height\" content=\"600\" \/>\n\t<meta property=\"og:image:type\" content=\"image\/jpeg\" \/>\n<meta name=\"twitter:card\" content=\"summary_large_image\" \/>\n<meta name=\"twitter:label1\" content=\"Price\" \/>\n\t<meta name=\"twitter:data1\" content=\"5.900&nbsp;kr.\" \/>\n\t<meta name=\"twitter:label2\" content=\"Availability\" \/>\n\t<meta name=\"twitter:data2\" content=\"In stock\" \/>\n<script type=\"application\/ld+json\" class=\"yoast-schema-graph\">{\"@context\":\"https:\\\/\\\/schema.org\",\"@graph\":[{\"@type\":\"WebPage\",\"@id\":\"https:\\\/\\\/vorulagerinn.is\\\/product\\\/skjadeilir\\\/\",\"url\":\"https:\\\/\\\/vorulagerinn.is\\\/product\\\/skjadeilir\\\/\",\"name\":\"Skj\u00e1deilir 1x4 HDMI UHD 4K x 2K og 3D\",\"isPartOf\":{\"@id\":\"https:\\\/\\\/vorulagerinn.is\\\/#website\"},\"primaryImageOfPage\":{\"@id\":\"https:\\\/\\\/vorulagerinn.is\\\/product\\\/skjadeilir\\\/#primaryimage\"},\"image\":{\"@id\":\"https:\\\/\\\/vorulagerinn.is\\\/product\\\/skjadeilir\\\/#primaryimage\"},\"thumbnailUrl\":\"https:\\\/\\\/vorulagerinn.is\\\/wp-content\\\/uploads\\\/2022\\\/10\\\/Skjadeilir.jpg\",\"datePublished\":\"2022-10-30T12:01:15+00:00\",\"dateModified\":\"2026-04-07T13:57:13+00:00\",\"description\":\"4K Ultra HD skj\u00e1deilir me\u00f0 4x HDMI portum og sty\u00f0ur 3D. HDMI upplausn allt a\u00f0 3840 x 2160 30Hz. \u00dea\u00f0 er h\u00e6gt a\u00f0 tengja 4 t\u00f6lvuskj\u00e1i \\\/ sj\u00f3nv\u00f6rp samt\u00edmis.\",\"breadcrumb\":{\"@id\":\"https:\\\/\\\/vorulagerinn.is\\\/product\\\/skjadeilir\\\/#breadcrumb\"},\"inLanguage\":\"en-US\",\"potentialAction\":[{\"@type\":\"ReadAction\",\"target\":[\"https:\\\/\\\/vorulagerinn.is\\\/product\\\/skjadeilir\\\/\"]}]},{\"@type\":\"ImageObject\",\"inLanguage\":\"en-US\",\"@id\":\"https:\\\/\\\/vorulagerinn.is\\\/product\\\/skjadeilir\\\/#primaryimage\",\"url\":\"https:\\\/\\\/vorulagerinn.is\\\/wp-content\\\/uploads\\\/2022\\\/10\\\/Skjadeilir.jpg\",\"contentUrl\":\"https:\\\/\\\/vorulagerinn.is\\\/wp-content\\\/uploads\\\/2022\\\/10\\\/Skjadeilir.jpg\",\"width\":600,\"height\":600},{\"@type\":\"BreadcrumbList\",\"@id\":\"https:\\\/\\\/vorulagerinn.is\\\/product\\\/skjadeilir\\\/#breadcrumb\",\"itemListElement\":[{\"@type\":\"ListItem\",\"position\":1,\"name\":\"Home\",\"item\":\"https:\\\/\\\/vorulagerinn.is\\\/\"},{\"@type\":\"ListItem\",\"position\":2,\"name\":\"Shop\",\"item\":\"https:\\\/\\\/vorulagerinn.is\\\/en\\\/shop\\\/\"},{\"@type\":\"ListItem\",\"position\":3,\"name\":\"Skj\u00e1deilir 1&#215;4 HDMI UHD 4K x 2K og 3D\"}]},{\"@type\":\"WebSite\",\"@id\":\"https:\\\/\\\/vorulagerinn.is\\\/#website\",\"url\":\"https:\\\/\\\/vorulagerinn.is\\\/\",\"name\":\"V\u00f6rulagerinn\",\"description\":\"L\u00e1ttu \u00fea\u00f0 eftir \u00fe\u00e9r\",\"publisher\":{\"@id\":\"https:\\\/\\\/vorulagerinn.is\\\/#organization\"},\"potentialAction\":[{\"@type\":\"SearchAction\",\"target\":{\"@type\":\"EntryPoint\",\"urlTemplate\":\"https:\\\/\\\/vorulagerinn.is\\\/?s={search_term_string}\"},\"query-input\":{\"@type\":\"PropertyValueSpecification\",\"valueRequired\":true,\"valueName\":\"search_term_string\"}}],\"inLanguage\":\"en-US\"},{\"@type\":\"Organization\",\"@id\":\"https:\\\/\\\/vorulagerinn.is\\\/#organization\",\"name\":\"V\u00f6rulagerinn\",\"url\":\"https:\\\/\\\/vorulagerinn.is\\\/\",\"logo\":{\"@type\":\"ImageObject\",\"inLanguage\":\"en-US\",\"@id\":\"https:\\\/\\\/vorulagerinn.is\\\/#\\\/schema\\\/logo\\\/image\\\/\",\"url\":\"https:\\\/\\\/vorulagerinn.is\\\/wp-content\\\/uploads\\\/2022\\\/09\\\/Vorulagerinn-Logo-588x160-1.png\",\"contentUrl\":\"https:\\\/\\\/vorulagerinn.is\\\/wp-content\\\/uploads\\\/2022\\\/09\\\/Vorulagerinn-Logo-588x160-1.png\",\"width\":588,\"height\":160,\"caption\":\"V\u00f6rulagerinn\"},\"image\":{\"@id\":\"https:\\\/\\\/vorulagerinn.is\\\/#\\\/schema\\\/logo\\\/image\\\/\"},\"sameAs\":[\"https:\\\/\\\/www.facebook.com\\\/vorulagerinn\",\"https:\\\/\\\/www.instagram.com\\\/vorulagerinn\\\/\"]}]}<\/script>\n<meta property=\"product:price:amount\" content=\"5900\" \/>\n<meta property=\"product:price:currency\" content=\"ISK\" \/>\n<meta property=\"og:availability\" content=\"instock\" \/>\n<meta property=\"product:availability\" content=\"instock\" \/>\n<meta property=\"product:retailer_item_id\" content=\"V28\" \/>\n<meta property=\"product:condition\" content=\"new\" \/>\n<!-- \/ Yoast SEO Premium plugin. -->","yoast_head_json":{"title":"Skj\u00e1deilir 1x4 HDMI UHD 4K x 2K og 3D","description":"4K Ultra HD skj\u00e1deilir me\u00f0 4x HDMI portum og sty\u00f0ur 3D. HDMI upplausn allt a\u00f0 3840 x 2160 30Hz. \u00dea\u00f0 er h\u00e6gt a\u00f0 tengja 4 t\u00f6lvuskj\u00e1i \/ sj\u00f3nv\u00f6rp samt\u00edmis.","robots":{"index":"index","follow":"follow","max-snippet":"max-snippet:-1","max-image-preview":"max-image-preview:large","max-video-preview":"max-video-preview:-1"},"canonical":"https:\/\/vorulagerinn.is\/product\/skjadeilir\/","og_locale":"en_US","og_type":"article","og_title":"Skj\u00e1deilir 1x4 HDMI UHD 4K x 2K og 3D","og_description":"4K Ultra HD skj\u00e1deilir me\u00f0 4x HDMI portum og sty\u00f0ur 3D. HDMI upplausn allt a\u00f0 3840 x 2160 30Hz. \u00dea\u00f0 er h\u00e6gt a\u00f0 tengja 4 t\u00f6lvuskj\u00e1i \/ sj\u00f3nv\u00f6rp samt\u00edmis.","og_url":"https:\/\/vorulagerinn.is\/product\/skjadeilir\/","og_site_name":"V&ouml;rulagerinn","article_publisher":"https:\/\/www.facebook.com\/vorulagerinn","article_modified_time":"2026-04-07T13:57:13+00:00","og_image":[{"width":600,"height":600,"url":"https:\/\/vorulagerinn.is\/wp-content\/uploads\/2022\/10\/Skjadeilir.jpg","type":"image\/jpeg"}],"twitter_card":"summary_large_image","twitter_misc":{"Price":"5.900&nbsp;kr.","Availability":"In stock"},"schema":{"@context":"https:\/\/schema.org","@graph":[{"@type":"WebPage","@id":"https:\/\/vorulagerinn.is\/product\/skjadeilir\/","url":"https:\/\/vorulagerinn.is\/product\/skjadeilir\/","name":"Skj\u00e1deilir 1x4 HDMI UHD 4K x 2K og 3D","isPartOf":{"@id":"https:\/\/vorulagerinn.is\/#website"},"primaryImageOfPage":{"@id":"https:\/\/vorulagerinn.is\/product\/skjadeilir\/#primaryimage"},"image":{"@id":"https:\/\/vorulagerinn.is\/product\/skjadeilir\/#primaryimage"},"thumbnailUrl":"https:\/\/vorulagerinn.is\/wp-content\/uploads\/2022\/10\/Skjadeilir.jpg","datePublished":"2022-10-30T12:01:15+00:00","dateModified":"2026-04-07T13:57:13+00:00","description":"4K Ultra HD skj\u00e1deilir me\u00f0 4x HDMI portum og sty\u00f0ur 3D. HDMI upplausn allt a\u00f0 3840 x 2160 30Hz. \u00dea\u00f0 er h\u00e6gt a\u00f0 tengja 4 t\u00f6lvuskj\u00e1i \/ sj\u00f3nv\u00f6rp samt\u00edmis.","breadcrumb":{"@id":"https:\/\/vorulagerinn.is\/product\/skjadeilir\/#breadcrumb"},"inLanguage":"en-US","potentialAction":[{"@type":"ReadAction","target":["https:\/\/vorulagerinn.is\/product\/skjadeilir\/"]}]},{"@type":"ImageObject","inLanguage":"en-US","@id":"https:\/\/vorulagerinn.is\/product\/skjadeilir\/#primaryimage","url":"https:\/\/vorulagerinn.is\/wp-content\/uploads\/2022\/10\/Skjadeilir.jpg","contentUrl":"https:\/\/vorulagerinn.is\/wp-content\/uploads\/2022\/10\/Skjadeilir.jpg","width":600,"height":600},{"@type":"BreadcrumbList","@id":"https:\/\/vorulagerinn.is\/product\/skjadeilir\/#breadcrumb","itemListElement":[{"@type":"ListItem","position":1,"name":"Home","item":"https:\/\/vorulagerinn.is\/"},{"@type":"ListItem","position":2,"name":"Shop","item":"https:\/\/vorulagerinn.is\/en\/shop\/"},{"@type":"ListItem","position":3,"name":"Skj\u00e1deilir 1&#215;4 HDMI UHD 4K x 2K og 3D"}]},{"@type":"WebSite","@id":"https:\/\/vorulagerinn.is\/#website","url":"https:\/\/vorulagerinn.is\/","name":"V\u00f6rulagerinn","description":"L\u00e1ttu \u00fea\u00f0 eftir \u00fe\u00e9r","publisher":{"@id":"https:\/\/vorulagerinn.is\/#organization"},"potentialAction":[{"@type":"SearchAction","target":{"@type":"EntryPoint","urlTemplate":"https:\/\/vorulagerinn.is\/?s={search_term_string}"},"query-input":{"@type":"PropertyValueSpecification","valueRequired":true,"valueName":"search_term_string"}}],"inLanguage":"en-US"},{"@type":"Organization","@id":"https:\/\/vorulagerinn.is\/#organization","name":"V\u00f6rulagerinn","url":"https:\/\/vorulagerinn.is\/","logo":{"@type":"ImageObject","inLanguage":"en-US","@id":"https:\/\/vorulagerinn.is\/#\/schema\/logo\/image\/","url":"https:\/\/vorulagerinn.is\/wp-content\/uploads\/2022\/09\/Vorulagerinn-Logo-588x160-1.png","contentUrl":"https:\/\/vorulagerinn.is\/wp-content\/uploads\/2022\/09\/Vorulagerinn-Logo-588x160-1.png","width":588,"height":160,"caption":"V\u00f6rulagerinn"},"image":{"@id":"https:\/\/vorulagerinn.is\/#\/schema\/logo\/image\/"},"sameAs":["https:\/\/www.facebook.com\/vorulagerinn","https:\/\/www.instagram.com\/vorulagerinn\/"]}]},"product_price_amount":"5900","product_price_currency":"ISK","og_availability":"instock","product_availability":"instock","product_retailer_item_id":"V28","product_condition":"new"},"_links":{"self":[{"href":"https:\/\/vorulagerinn.is\/en\/wp-json\/wp\/v2\/product\/3962","targetHints":{"allow":["GET"]}}],"collection":[{"href":"https:\/\/vorulagerinn.is\/en\/wp-json\/wp\/v2\/product"}],"about":[{"href":"https:\/\/vorulagerinn.is\/en\/wp-json\/wp\/v2\/types\/product"}],"wp:featuredmedia":[{"embeddable":true,"href":"https:\/\/vorulagerinn.is\/en\/wp-json\/wp\/v2\/media\/9147"}],"wp:attachment":[{"href":"https:\/\/vorulagerinn.is\/en\/wp-json\/wp\/v2\/media?parent=3962"}],"wp:term":[{"taxonomy":"product_brand","embeddable":true,"href":"https:\/\/vorulagerinn.is\/en\/wp-json\/wp\/v2\/product_brand?post=3962"},{"taxonomy":"product_cat","embeddable":true,"href":"https:\/\/vorulagerinn.is\/en\/wp-json\/wp\/v2\/product_cat?post=3962"},{"taxonomy":"product_tag","embeddable":true,"href":"https:\/\/vorulagerinn.is\/en\/wp-json\/wp\/v2\/product_tag?post=3962"}],"curies":[{"name":"wp","href":"https:\/\/api.w.org\/{rel}","templated":true}]}}