{"id":8622,"date":"2023-02-14T17:14:43","date_gmt":"2023-02-14T17:14:43","guid":{"rendered":"https:\/\/vorulagerinn.is\/?post_type=product&#038;p=8622"},"modified":"2026-02-11T10:14:13","modified_gmt":"2026-02-11T10:14:13","slug":"snuruskipuleggjari-i-mismunandi-staerdum-10-stk-i-pakka","status":"publish","type":"product","link":"https:\/\/vorulagerinn.is\/en\/product\/snuruskipuleggjari-i-mismunandi-staerdum-10-stk-i-pakka\/","title":{"rendered":"Sn\u00faruskipuleggjari \u00ed mismunandi st\u00e6r\u00f0um (10 stk \u00ed pakka)"},"content":{"rendered":"","protected":false},"excerpt":{"rendered":"<p>Sn\u00faruskipuleggjarinn hj\u00e1lpar \u00fe\u00e9r a\u00f0 koma skipulagi \u00e1 sn\u00farurnar heima og \u00e1 skrifstofunni \u00ed gott horf. \u00de\u00fa festir t\u00f6lvusn\u00farur, headphone sn\u00farur, USB kapla, rafmagnssn\u00farur, hle\u00f0slusn\u00farur o.fl. saman \u00e1 skipulag\u00f0an h\u00e1tt og kemur \u00feannig \u00ed veg fyrir a\u00f0 \u00fe\u00e6r detti \u00e1 g\u00f3lfi\u00f0, bakvi\u00f0 skrifbor\u00f0i\u00f0 e\u00f0a n\u00e1ttbor\u00f0i\u00f0 og ver\u00f0i \u00feannig m\u00f6gulega fyrir hnjaski.<\/p>\n<p>&#8211; 10 stk \u00ed pakka (mismunandi st\u00e6r\u00f0ir)<br \/>\n&#8211; Litur: Svartur<br \/>\n&#8211; Efni: S\u00edlikon<br \/>\n&#8211; L\u00edmfesting undir bakhli\u00f0<\/p>\n","protected":false},"featured_media":8627,"template":"","meta":[],"product_brand":[],"product_cat":[449],"product_tag":[],"class_list":{"0":"post-8622","1":"product","2":"type-product","3":"status-publish","4":"has-post-thumbnail","6":"product_cat-festingar-og-standar","8":"first","9":"instock","10":"featured","11":"taxable","12":"shipping-taxable","13":"purchasable","14":"product-type-simple"},"supplier_id":null,"supplier_sku":"","barcode":null,"atum_controlled":true,"out_stock_date":null,"out_stock_threshold":null,"inheritable":false,"inbound_stock":null,"stock_on_hold":0,"sold_today":0,"sales_last_days":0,"reserved_stock":null,"customer_returns":null,"warehouse_damage":null,"lost_in_post":null,"other_logs":null,"out_stock_days":0,"lost_sales":0,"has_location":false,"update_date":"2026-04-19T00:22:36","atum_locations":[],"atum_stock_status":"instock","restock_status":false,"low_stock_amount":"","sales_update_date":"2026-04-19T00:22:36","calc_backorders":null,"yoast_head":"<!-- This site is optimized with the Yoast SEO Premium plugin v26.6 (Yoast SEO v27.3) - https:\/\/yoast.com\/product\/yoast-seo-premium-wordpress\/ -->\n<title>Sn\u00faruskipuleggjari \u00ed mismunandi st\u00e6r\u00f0um (10 stk \u00ed pakka)<\/title>\n<meta name=\"description\" content=\"Kemur skipulagi \u00e1 sn\u00farurnar heima og \u00e1 skrifstofunni \u00ed gott horf. \u00de\u00fa festir t\u00f6lvusn\u00farur, headphone sn\u00farur, USB kapla, rafmagnssn\u00farur o.fl. saman og kemur \u00feannig \u00ed veg fyrir hnjask.\" \/>\n<meta name=\"robots\" content=\"index, follow, max-snippet:-1, max-image-preview:large, max-video-preview:-1\" \/>\n<link rel=\"canonical\" href=\"https:\/\/vorulagerinn.is\/product\/snuruskipuleggjari-i-mismunandi-staerdum-10-stk-i-pakka\/\" \/>\n<meta property=\"og:locale\" content=\"en_US\" \/>\n<meta property=\"og:type\" content=\"article\" \/>\n<meta property=\"og:title\" content=\"Sn\u00faruskipuleggjari \u00ed mismunandi st\u00e6r\u00f0um (10 stk \u00ed pakka)\" \/>\n<meta property=\"og:description\" content=\"Kemur skipulagi \u00e1 sn\u00farurnar heima og \u00e1 skrifstofunni \u00ed gott horf. \u00de\u00fa festir t\u00f6lvusn\u00farur, headphone sn\u00farur, USB kapla, rafmagnssn\u00farur o.fl. saman og kemur \u00feannig \u00ed veg fyrir hnjask.\" \/>\n<meta property=\"og:url\" content=\"https:\/\/vorulagerinn.is\/product\/snuruskipuleggjari-i-mismunandi-staerdum-10-stk-i-pakka\/\" \/>\n<meta property=\"og:site_name\" content=\"V&ouml;rulagerinn\" \/>\n<meta property=\"article:publisher\" content=\"https:\/\/www.facebook.com\/vorulagerinn\" \/>\n<meta property=\"article:modified_time\" content=\"2026-02-11T10:14:13+00:00\" \/>\n<meta property=\"og:image\" content=\"https:\/\/vorulagerinn.is\/wp-content\/uploads\/2023\/02\/Snuruskipuleggjari3.jpg\" \/>\n\t<meta property=\"og:image:width\" content=\"600\" \/>\n\t<meta property=\"og:image:height\" content=\"600\" \/>\n\t<meta property=\"og:image:type\" content=\"image\/jpeg\" \/>\n<meta name=\"twitter:card\" content=\"summary_large_image\" \/>\n<meta name=\"twitter:label1\" content=\"Price\" \/>\n\t<meta name=\"twitter:data1\" content=\"2.490&nbsp;kr.\" \/>\n\t<meta name=\"twitter:label2\" content=\"Availability\" \/>\n\t<meta name=\"twitter:data2\" content=\"In stock\" \/>\n<script type=\"application\/ld+json\" class=\"yoast-schema-graph\">{\"@context\":\"https:\\\/\\\/schema.org\",\"@graph\":[{\"@type\":\"WebPage\",\"@id\":\"https:\\\/\\\/vorulagerinn.is\\\/product\\\/snuruskipuleggjari-i-mismunandi-staerdum-10-stk-i-pakka\\\/\",\"url\":\"https:\\\/\\\/vorulagerinn.is\\\/product\\\/snuruskipuleggjari-i-mismunandi-staerdum-10-stk-i-pakka\\\/\",\"name\":\"Sn\u00faruskipuleggjari \u00ed mismunandi st\u00e6r\u00f0um (10 stk \u00ed pakka)\",\"isPartOf\":{\"@id\":\"https:\\\/\\\/vorulagerinn.is\\\/#website\"},\"primaryImageOfPage\":{\"@id\":\"https:\\\/\\\/vorulagerinn.is\\\/product\\\/snuruskipuleggjari-i-mismunandi-staerdum-10-stk-i-pakka\\\/#primaryimage\"},\"image\":{\"@id\":\"https:\\\/\\\/vorulagerinn.is\\\/product\\\/snuruskipuleggjari-i-mismunandi-staerdum-10-stk-i-pakka\\\/#primaryimage\"},\"thumbnailUrl\":\"https:\\\/\\\/vorulagerinn.is\\\/wp-content\\\/uploads\\\/2023\\\/02\\\/Snuruskipuleggjari3.jpg\",\"datePublished\":\"2023-02-14T17:14:43+00:00\",\"dateModified\":\"2026-02-11T10:14:13+00:00\",\"description\":\"Kemur skipulagi \u00e1 sn\u00farurnar heima og \u00e1 skrifstofunni \u00ed gott horf. \u00de\u00fa festir t\u00f6lvusn\u00farur, headphone sn\u00farur, USB kapla, rafmagnssn\u00farur o.fl. saman og kemur \u00feannig \u00ed veg fyrir hnjask.\",\"breadcrumb\":{\"@id\":\"https:\\\/\\\/vorulagerinn.is\\\/product\\\/snuruskipuleggjari-i-mismunandi-staerdum-10-stk-i-pakka\\\/#breadcrumb\"},\"inLanguage\":\"en-US\",\"potentialAction\":[{\"@type\":\"ReadAction\",\"target\":[\"https:\\\/\\\/vorulagerinn.is\\\/product\\\/snuruskipuleggjari-i-mismunandi-staerdum-10-stk-i-pakka\\\/\"]}]},{\"@type\":\"ImageObject\",\"inLanguage\":\"en-US\",\"@id\":\"https:\\\/\\\/vorulagerinn.is\\\/product\\\/snuruskipuleggjari-i-mismunandi-staerdum-10-stk-i-pakka\\\/#primaryimage\",\"url\":\"https:\\\/\\\/vorulagerinn.is\\\/wp-content\\\/uploads\\\/2023\\\/02\\\/Snuruskipuleggjari3.jpg\",\"contentUrl\":\"https:\\\/\\\/vorulagerinn.is\\\/wp-content\\\/uploads\\\/2023\\\/02\\\/Snuruskipuleggjari3.jpg\",\"width\":600,\"height\":600},{\"@type\":\"BreadcrumbList\",\"@id\":\"https:\\\/\\\/vorulagerinn.is\\\/product\\\/snuruskipuleggjari-i-mismunandi-staerdum-10-stk-i-pakka\\\/#breadcrumb\",\"itemListElement\":[{\"@type\":\"ListItem\",\"position\":1,\"name\":\"Home\",\"item\":\"https:\\\/\\\/vorulagerinn.is\\\/\"},{\"@type\":\"ListItem\",\"position\":2,\"name\":\"Shop\",\"item\":\"https:\\\/\\\/vorulagerinn.is\\\/en\\\/shop\\\/\"},{\"@type\":\"ListItem\",\"position\":3,\"name\":\"Sn\u00faruskipuleggjari \u00ed mismunandi st\u00e6r\u00f0um (10 stk \u00ed pakka)\"}]},{\"@type\":\"WebSite\",\"@id\":\"https:\\\/\\\/vorulagerinn.is\\\/#website\",\"url\":\"https:\\\/\\\/vorulagerinn.is\\\/\",\"name\":\"V\u00f6rulagerinn\",\"description\":\"L\u00e1ttu \u00fea\u00f0 eftir \u00fe\u00e9r\",\"publisher\":{\"@id\":\"https:\\\/\\\/vorulagerinn.is\\\/#organization\"},\"potentialAction\":[{\"@type\":\"SearchAction\",\"target\":{\"@type\":\"EntryPoint\",\"urlTemplate\":\"https:\\\/\\\/vorulagerinn.is\\\/?s={search_term_string}\"},\"query-input\":{\"@type\":\"PropertyValueSpecification\",\"valueRequired\":true,\"valueName\":\"search_term_string\"}}],\"inLanguage\":\"en-US\"},{\"@type\":\"Organization\",\"@id\":\"https:\\\/\\\/vorulagerinn.is\\\/#organization\",\"name\":\"V\u00f6rulagerinn\",\"url\":\"https:\\\/\\\/vorulagerinn.is\\\/\",\"logo\":{\"@type\":\"ImageObject\",\"inLanguage\":\"en-US\",\"@id\":\"https:\\\/\\\/vorulagerinn.is\\\/#\\\/schema\\\/logo\\\/image\\\/\",\"url\":\"https:\\\/\\\/vorulagerinn.is\\\/wp-content\\\/uploads\\\/2022\\\/09\\\/Vorulagerinn-Logo-588x160-1.png\",\"contentUrl\":\"https:\\\/\\\/vorulagerinn.is\\\/wp-content\\\/uploads\\\/2022\\\/09\\\/Vorulagerinn-Logo-588x160-1.png\",\"width\":588,\"height\":160,\"caption\":\"V\u00f6rulagerinn\"},\"image\":{\"@id\":\"https:\\\/\\\/vorulagerinn.is\\\/#\\\/schema\\\/logo\\\/image\\\/\"},\"sameAs\":[\"https:\\\/\\\/www.facebook.com\\\/vorulagerinn\",\"https:\\\/\\\/www.instagram.com\\\/vorulagerinn\\\/\"]}]}<\/script>\n<meta property=\"product:price:amount\" content=\"2490\" \/>\n<meta property=\"product:price:currency\" content=\"ISK\" \/>\n<meta property=\"og:availability\" content=\"instock\" \/>\n<meta property=\"product:availability\" content=\"instock\" \/>\n<meta property=\"product:retailer_item_id\" content=\"V49\" \/>\n<meta property=\"product:condition\" content=\"new\" \/>\n<!-- \/ Yoast SEO Premium plugin. -->","yoast_head_json":{"title":"Sn\u00faruskipuleggjari \u00ed mismunandi st\u00e6r\u00f0um (10 stk \u00ed pakka)","description":"Kemur skipulagi \u00e1 sn\u00farurnar heima og \u00e1 skrifstofunni \u00ed gott horf. \u00de\u00fa festir t\u00f6lvusn\u00farur, headphone sn\u00farur, USB kapla, rafmagnssn\u00farur o.fl. saman og kemur \u00feannig \u00ed veg fyrir hnjask.","robots":{"index":"index","follow":"follow","max-snippet":"max-snippet:-1","max-image-preview":"max-image-preview:large","max-video-preview":"max-video-preview:-1"},"canonical":"https:\/\/vorulagerinn.is\/product\/snuruskipuleggjari-i-mismunandi-staerdum-10-stk-i-pakka\/","og_locale":"en_US","og_type":"article","og_title":"Sn\u00faruskipuleggjari \u00ed mismunandi st\u00e6r\u00f0um (10 stk \u00ed pakka)","og_description":"Kemur skipulagi \u00e1 sn\u00farurnar heima og \u00e1 skrifstofunni \u00ed gott horf. \u00de\u00fa festir t\u00f6lvusn\u00farur, headphone sn\u00farur, USB kapla, rafmagnssn\u00farur o.fl. saman og kemur \u00feannig \u00ed veg fyrir hnjask.","og_url":"https:\/\/vorulagerinn.is\/product\/snuruskipuleggjari-i-mismunandi-staerdum-10-stk-i-pakka\/","og_site_name":"V&ouml;rulagerinn","article_publisher":"https:\/\/www.facebook.com\/vorulagerinn","article_modified_time":"2026-02-11T10:14:13+00:00","og_image":[{"width":600,"height":600,"url":"https:\/\/vorulagerinn.is\/wp-content\/uploads\/2023\/02\/Snuruskipuleggjari3.jpg","type":"image\/jpeg"}],"twitter_card":"summary_large_image","twitter_misc":{"Price":"2.490&nbsp;kr.","Availability":"In stock"},"schema":{"@context":"https:\/\/schema.org","@graph":[{"@type":"WebPage","@id":"https:\/\/vorulagerinn.is\/product\/snuruskipuleggjari-i-mismunandi-staerdum-10-stk-i-pakka\/","url":"https:\/\/vorulagerinn.is\/product\/snuruskipuleggjari-i-mismunandi-staerdum-10-stk-i-pakka\/","name":"Sn\u00faruskipuleggjari \u00ed mismunandi st\u00e6r\u00f0um (10 stk \u00ed pakka)","isPartOf":{"@id":"https:\/\/vorulagerinn.is\/#website"},"primaryImageOfPage":{"@id":"https:\/\/vorulagerinn.is\/product\/snuruskipuleggjari-i-mismunandi-staerdum-10-stk-i-pakka\/#primaryimage"},"image":{"@id":"https:\/\/vorulagerinn.is\/product\/snuruskipuleggjari-i-mismunandi-staerdum-10-stk-i-pakka\/#primaryimage"},"thumbnailUrl":"https:\/\/vorulagerinn.is\/wp-content\/uploads\/2023\/02\/Snuruskipuleggjari3.jpg","datePublished":"2023-02-14T17:14:43+00:00","dateModified":"2026-02-11T10:14:13+00:00","description":"Kemur skipulagi \u00e1 sn\u00farurnar heima og \u00e1 skrifstofunni \u00ed gott horf. \u00de\u00fa festir t\u00f6lvusn\u00farur, headphone sn\u00farur, USB kapla, rafmagnssn\u00farur o.fl. saman og kemur \u00feannig \u00ed veg fyrir hnjask.","breadcrumb":{"@id":"https:\/\/vorulagerinn.is\/product\/snuruskipuleggjari-i-mismunandi-staerdum-10-stk-i-pakka\/#breadcrumb"},"inLanguage":"en-US","potentialAction":[{"@type":"ReadAction","target":["https:\/\/vorulagerinn.is\/product\/snuruskipuleggjari-i-mismunandi-staerdum-10-stk-i-pakka\/"]}]},{"@type":"ImageObject","inLanguage":"en-US","@id":"https:\/\/vorulagerinn.is\/product\/snuruskipuleggjari-i-mismunandi-staerdum-10-stk-i-pakka\/#primaryimage","url":"https:\/\/vorulagerinn.is\/wp-content\/uploads\/2023\/02\/Snuruskipuleggjari3.jpg","contentUrl":"https:\/\/vorulagerinn.is\/wp-content\/uploads\/2023\/02\/Snuruskipuleggjari3.jpg","width":600,"height":600},{"@type":"BreadcrumbList","@id":"https:\/\/vorulagerinn.is\/product\/snuruskipuleggjari-i-mismunandi-staerdum-10-stk-i-pakka\/#breadcrumb","itemListElement":[{"@type":"ListItem","position":1,"name":"Home","item":"https:\/\/vorulagerinn.is\/"},{"@type":"ListItem","position":2,"name":"Shop","item":"https:\/\/vorulagerinn.is\/en\/shop\/"},{"@type":"ListItem","position":3,"name":"Sn\u00faruskipuleggjari \u00ed mismunandi st\u00e6r\u00f0um (10 stk \u00ed pakka)"}]},{"@type":"WebSite","@id":"https:\/\/vorulagerinn.is\/#website","url":"https:\/\/vorulagerinn.is\/","name":"V\u00f6rulagerinn","description":"L\u00e1ttu \u00fea\u00f0 eftir \u00fe\u00e9r","publisher":{"@id":"https:\/\/vorulagerinn.is\/#organization"},"potentialAction":[{"@type":"SearchAction","target":{"@type":"EntryPoint","urlTemplate":"https:\/\/vorulagerinn.is\/?s={search_term_string}"},"query-input":{"@type":"PropertyValueSpecification","valueRequired":true,"valueName":"search_term_string"}}],"inLanguage":"en-US"},{"@type":"Organization","@id":"https:\/\/vorulagerinn.is\/#organization","name":"V\u00f6rulagerinn","url":"https:\/\/vorulagerinn.is\/","logo":{"@type":"ImageObject","inLanguage":"en-US","@id":"https:\/\/vorulagerinn.is\/#\/schema\/logo\/image\/","url":"https:\/\/vorulagerinn.is\/wp-content\/uploads\/2022\/09\/Vorulagerinn-Logo-588x160-1.png","contentUrl":"https:\/\/vorulagerinn.is\/wp-content\/uploads\/2022\/09\/Vorulagerinn-Logo-588x160-1.png","width":588,"height":160,"caption":"V\u00f6rulagerinn"},"image":{"@id":"https:\/\/vorulagerinn.is\/#\/schema\/logo\/image\/"},"sameAs":["https:\/\/www.facebook.com\/vorulagerinn","https:\/\/www.instagram.com\/vorulagerinn\/"]}]},"product_price_amount":"2490","product_price_currency":"ISK","og_availability":"instock","product_availability":"instock","product_retailer_item_id":"V49","product_condition":"new"},"_links":{"self":[{"href":"https:\/\/vorulagerinn.is\/en\/wp-json\/wp\/v2\/product\/8622","targetHints":{"allow":["GET"]}}],"collection":[{"href":"https:\/\/vorulagerinn.is\/en\/wp-json\/wp\/v2\/product"}],"about":[{"href":"https:\/\/vorulagerinn.is\/en\/wp-json\/wp\/v2\/types\/product"}],"wp:featuredmedia":[{"embeddable":true,"href":"https:\/\/vorulagerinn.is\/en\/wp-json\/wp\/v2\/media\/8627"}],"wp:attachment":[{"href":"https:\/\/vorulagerinn.is\/en\/wp-json\/wp\/v2\/media?parent=8622"}],"wp:term":[{"taxonomy":"product_brand","embeddable":true,"href":"https:\/\/vorulagerinn.is\/en\/wp-json\/wp\/v2\/product_brand?post=8622"},{"taxonomy":"product_cat","embeddable":true,"href":"https:\/\/vorulagerinn.is\/en\/wp-json\/wp\/v2\/product_cat?post=8622"},{"taxonomy":"product_tag","embeddable":true,"href":"https:\/\/vorulagerinn.is\/en\/wp-json\/wp\/v2\/product_tag?post=8622"}],"curies":[{"name":"wp","href":"https:\/\/api.w.org\/{rel}","templated":true}]}}