{"id":9093,"date":"2023-03-02T21:12:51","date_gmt":"2023-03-02T21:12:51","guid":{"rendered":"https:\/\/vorulagerinn.is\/?post_type=product&#038;p=9093"},"modified":"2026-04-10T13:30:04","modified_gmt":"2026-04-10T13:30:04","slug":"gripthjalfi-stillanlegur-5-60-kg-med-teljara","status":"publish","type":"product","link":"https:\/\/vorulagerinn.is\/en\/product\/gripthjalfi-stillanlegur-5-60-kg-med-teljara\/","title":{"rendered":"Grip\u00fej\u00e1lfi stillanlegur 5-60 kg me\u00f0 teljara"},"content":{"rendered":"","protected":false},"excerpt":{"rendered":"<p>Grip\u00fej\u00e1lfinn hentar einstaklega vel til a\u00f0 styrkja v\u00f6\u00f0va \u00ed h\u00f6ndum og upphandlegg. \u00de\u00e1 er tilvali\u00f0 a\u00f0 nota hann til \u00e6finga vi\u00f0 a\u00f0 n\u00e1 fyrir styrk eftir mei\u00f0sli e\u00f0a annarra orsaka fyrir m\u00e1ttleysi \u00ed h\u00f6ndum. Grip\u00fej\u00e1lfinn er me\u00f0 teljara og stillanlegum 5-60 kg \u00feyngd \u00e1 gripi og hentar einstaklingum \u00e1 \u00f6llum aldri.<\/p>\n<p>&#8211; Litur: Gr\u00e1r og svartur<br \/>\n&#8211; \u00deyngd: 150 gr\u00f6mm<br \/>\n&#8211; St\u00e6r\u00f0: 16 x 11 cm<br \/>\n&#8211; Stillanleg \u00feyngd \u00e1 gripi: 5-60 kg<br \/>\n&#8211; Efni: J\u00e1rn, plast og sil\u00edkon<\/p>\n","protected":false},"featured_media":25098,"template":"","meta":[],"product_brand":[],"product_cat":[167],"product_tag":[],"class_list":{"0":"post-9093","1":"product","2":"type-product","3":"status-publish","4":"has-post-thumbnail","6":"product_cat-heimilid","8":"first","9":"instock","10":"sale","11":"featured","12":"taxable","13":"shipping-taxable","14":"purchasable","15":"product-type-simple"},"supplier_id":null,"supplier_sku":"","barcode":null,"atum_controlled":true,"out_stock_date":null,"out_stock_threshold":null,"inheritable":false,"inbound_stock":0,"stock_on_hold":0,"sold_today":0,"sales_last_days":2,"reserved_stock":0,"customer_returns":0,"warehouse_damage":0,"lost_in_post":0,"other_logs":0,"out_stock_days":0,"lost_sales":0,"has_location":false,"update_date":"2026-04-19T00:23:37","atum_locations":[],"atum_stock_status":"instock","restock_status":false,"low_stock_amount":"","sales_update_date":"2026-04-19T00:23:37","calc_backorders":null,"yoast_head":"<!-- This site is optimized with the Yoast SEO Premium plugin v26.6 (Yoast SEO v27.3) - https:\/\/yoast.com\/product\/yoast-seo-premium-wordpress\/ -->\n<title>Grip\u00fej\u00e1lfi stillanlegur 5-60 kg me\u00f0 teljara | vorulagerinn.is<\/title>\n<meta name=\"description\" content=\"Styrkir v\u00f6\u00f0va \u00ed h\u00f6ndum og upphandlegg. Tilvalin til \u00e6finga vi\u00f0 a\u00f0 n\u00e1 fyrir styrk eftir mei\u00f0sli e\u00f0a annarra orsaka fyrir m\u00e1ttleysi \u00ed h\u00f6ndum.\" \/>\n<meta name=\"robots\" content=\"index, follow, max-snippet:-1, max-image-preview:large, max-video-preview:-1\" \/>\n<link rel=\"canonical\" href=\"https:\/\/vorulagerinn.is\/product\/gripthjalfi-stillanlegur-5-60-kg-med-teljara\/\" \/>\n<meta property=\"og:locale\" content=\"en_US\" \/>\n<meta property=\"og:type\" content=\"article\" \/>\n<meta property=\"og:title\" content=\"Grip\u00fej\u00e1lfi stillanlegur 5-60 kg me\u00f0 teljara\" \/>\n<meta property=\"og:description\" content=\"Styrkir v\u00f6\u00f0va \u00ed h\u00f6ndum og upphandlegg. Tilvalin til \u00e6finga vi\u00f0 a\u00f0 n\u00e1 fyrir styrk eftir mei\u00f0sli e\u00f0a annarra orsaka fyrir m\u00e1ttleysi \u00ed h\u00f6ndum.\" \/>\n<meta property=\"og:url\" content=\"https:\/\/vorulagerinn.is\/product\/gripthjalfi-stillanlegur-5-60-kg-med-teljara\/\" \/>\n<meta property=\"og:site_name\" content=\"V&ouml;rulagerinn\" \/>\n<meta property=\"article:publisher\" content=\"https:\/\/www.facebook.com\/vorulagerinn\" \/>\n<meta property=\"article:modified_time\" content=\"2026-04-10T13:30:04+00:00\" \/>\n<meta property=\"og:image\" content=\"https:\/\/vorulagerinn.is\/wp-content\/uploads\/2023\/03\/Gripthjalfi-1.jpg\" \/>\n\t<meta property=\"og:image:width\" content=\"600\" \/>\n\t<meta property=\"og:image:height\" content=\"600\" \/>\n\t<meta property=\"og:image:type\" content=\"image\/jpeg\" \/>\n<meta name=\"twitter:card\" content=\"summary_large_image\" \/>\n<meta name=\"twitter:label1\" content=\"Price\" \/>\n\t<meta name=\"twitter:data1\" content=\"2.500&nbsp;kr.\" \/>\n\t<meta name=\"twitter:label2\" content=\"Availability\" \/>\n\t<meta name=\"twitter:data2\" content=\"In stock\" \/>\n<script type=\"application\/ld+json\" class=\"yoast-schema-graph\">{\"@context\":\"https:\\\/\\\/schema.org\",\"@graph\":[{\"@type\":\"WebPage\",\"@id\":\"https:\\\/\\\/vorulagerinn.is\\\/product\\\/gripthjalfi-stillanlegur-5-60-kg-med-teljara\\\/\",\"url\":\"https:\\\/\\\/vorulagerinn.is\\\/product\\\/gripthjalfi-stillanlegur-5-60-kg-med-teljara\\\/\",\"name\":\"Grip\u00fej\u00e1lfi stillanlegur 5-60 kg me\u00f0 teljara | vorulagerinn.is\",\"isPartOf\":{\"@id\":\"https:\\\/\\\/vorulagerinn.is\\\/#website\"},\"primaryImageOfPage\":{\"@id\":\"https:\\\/\\\/vorulagerinn.is\\\/product\\\/gripthjalfi-stillanlegur-5-60-kg-med-teljara\\\/#primaryimage\"},\"image\":{\"@id\":\"https:\\\/\\\/vorulagerinn.is\\\/product\\\/gripthjalfi-stillanlegur-5-60-kg-med-teljara\\\/#primaryimage\"},\"thumbnailUrl\":\"https:\\\/\\\/vorulagerinn.is\\\/wp-content\\\/uploads\\\/2023\\\/03\\\/Gripthjalfi-1.jpg\",\"datePublished\":\"2023-03-02T21:12:51+00:00\",\"dateModified\":\"2026-04-10T13:30:04+00:00\",\"description\":\"Styrkir v\u00f6\u00f0va \u00ed h\u00f6ndum og upphandlegg. Tilvalin til \u00e6finga vi\u00f0 a\u00f0 n\u00e1 fyrir styrk eftir mei\u00f0sli e\u00f0a annarra orsaka fyrir m\u00e1ttleysi \u00ed h\u00f6ndum.\",\"breadcrumb\":{\"@id\":\"https:\\\/\\\/vorulagerinn.is\\\/product\\\/gripthjalfi-stillanlegur-5-60-kg-med-teljara\\\/#breadcrumb\"},\"inLanguage\":\"en-US\",\"potentialAction\":[{\"@type\":\"ReadAction\",\"target\":[\"https:\\\/\\\/vorulagerinn.is\\\/product\\\/gripthjalfi-stillanlegur-5-60-kg-med-teljara\\\/\"]}]},{\"@type\":\"ImageObject\",\"inLanguage\":\"en-US\",\"@id\":\"https:\\\/\\\/vorulagerinn.is\\\/product\\\/gripthjalfi-stillanlegur-5-60-kg-med-teljara\\\/#primaryimage\",\"url\":\"https:\\\/\\\/vorulagerinn.is\\\/wp-content\\\/uploads\\\/2023\\\/03\\\/Gripthjalfi-1.jpg\",\"contentUrl\":\"https:\\\/\\\/vorulagerinn.is\\\/wp-content\\\/uploads\\\/2023\\\/03\\\/Gripthjalfi-1.jpg\",\"width\":600,\"height\":600},{\"@type\":\"BreadcrumbList\",\"@id\":\"https:\\\/\\\/vorulagerinn.is\\\/product\\\/gripthjalfi-stillanlegur-5-60-kg-med-teljara\\\/#breadcrumb\",\"itemListElement\":[{\"@type\":\"ListItem\",\"position\":1,\"name\":\"Home\",\"item\":\"https:\\\/\\\/vorulagerinn.is\\\/\"},{\"@type\":\"ListItem\",\"position\":2,\"name\":\"Shop\",\"item\":\"https:\\\/\\\/vorulagerinn.is\\\/en\\\/shop\\\/\"},{\"@type\":\"ListItem\",\"position\":3,\"name\":\"Grip\u00fej\u00e1lfi stillanlegur 5-60 kg me\u00f0 teljara\"}]},{\"@type\":\"WebSite\",\"@id\":\"https:\\\/\\\/vorulagerinn.is\\\/#website\",\"url\":\"https:\\\/\\\/vorulagerinn.is\\\/\",\"name\":\"V\u00f6rulagerinn\",\"description\":\"L\u00e1ttu \u00fea\u00f0 eftir \u00fe\u00e9r\",\"publisher\":{\"@id\":\"https:\\\/\\\/vorulagerinn.is\\\/#organization\"},\"potentialAction\":[{\"@type\":\"SearchAction\",\"target\":{\"@type\":\"EntryPoint\",\"urlTemplate\":\"https:\\\/\\\/vorulagerinn.is\\\/?s={search_term_string}\"},\"query-input\":{\"@type\":\"PropertyValueSpecification\",\"valueRequired\":true,\"valueName\":\"search_term_string\"}}],\"inLanguage\":\"en-US\"},{\"@type\":\"Organization\",\"@id\":\"https:\\\/\\\/vorulagerinn.is\\\/#organization\",\"name\":\"V\u00f6rulagerinn\",\"url\":\"https:\\\/\\\/vorulagerinn.is\\\/\",\"logo\":{\"@type\":\"ImageObject\",\"inLanguage\":\"en-US\",\"@id\":\"https:\\\/\\\/vorulagerinn.is\\\/#\\\/schema\\\/logo\\\/image\\\/\",\"url\":\"https:\\\/\\\/vorulagerinn.is\\\/wp-content\\\/uploads\\\/2022\\\/09\\\/Vorulagerinn-Logo-588x160-1.png\",\"contentUrl\":\"https:\\\/\\\/vorulagerinn.is\\\/wp-content\\\/uploads\\\/2022\\\/09\\\/Vorulagerinn-Logo-588x160-1.png\",\"width\":588,\"height\":160,\"caption\":\"V\u00f6rulagerinn\"},\"image\":{\"@id\":\"https:\\\/\\\/vorulagerinn.is\\\/#\\\/schema\\\/logo\\\/image\\\/\"},\"sameAs\":[\"https:\\\/\\\/www.facebook.com\\\/vorulagerinn\",\"https:\\\/\\\/www.instagram.com\\\/vorulagerinn\\\/\"]}]}<\/script>\n<meta property=\"product:price:amount\" content=\"2500\" \/>\n<meta property=\"product:price:currency\" content=\"ISK\" \/>\n<meta property=\"og:availability\" content=\"instock\" \/>\n<meta property=\"product:availability\" content=\"instock\" \/>\n<meta property=\"product:retailer_item_id\" content=\"V80\" \/>\n<meta property=\"product:condition\" content=\"new\" \/>\n<!-- \/ Yoast SEO Premium plugin. -->","yoast_head_json":{"title":"Grip\u00fej\u00e1lfi stillanlegur 5-60 kg me\u00f0 teljara | vorulagerinn.is","description":"Styrkir v\u00f6\u00f0va \u00ed h\u00f6ndum og upphandlegg. Tilvalin til \u00e6finga vi\u00f0 a\u00f0 n\u00e1 fyrir styrk eftir mei\u00f0sli e\u00f0a annarra orsaka fyrir m\u00e1ttleysi \u00ed h\u00f6ndum.","robots":{"index":"index","follow":"follow","max-snippet":"max-snippet:-1","max-image-preview":"max-image-preview:large","max-video-preview":"max-video-preview:-1"},"canonical":"https:\/\/vorulagerinn.is\/product\/gripthjalfi-stillanlegur-5-60-kg-med-teljara\/","og_locale":"en_US","og_type":"article","og_title":"Grip\u00fej\u00e1lfi stillanlegur 5-60 kg me\u00f0 teljara","og_description":"Styrkir v\u00f6\u00f0va \u00ed h\u00f6ndum og upphandlegg. Tilvalin til \u00e6finga vi\u00f0 a\u00f0 n\u00e1 fyrir styrk eftir mei\u00f0sli e\u00f0a annarra orsaka fyrir m\u00e1ttleysi \u00ed h\u00f6ndum.","og_url":"https:\/\/vorulagerinn.is\/product\/gripthjalfi-stillanlegur-5-60-kg-med-teljara\/","og_site_name":"V&ouml;rulagerinn","article_publisher":"https:\/\/www.facebook.com\/vorulagerinn","article_modified_time":"2026-04-10T13:30:04+00:00","og_image":[{"width":600,"height":600,"url":"https:\/\/vorulagerinn.is\/wp-content\/uploads\/2023\/03\/Gripthjalfi-1.jpg","type":"image\/jpeg"}],"twitter_card":"summary_large_image","twitter_misc":{"Price":"2.500&nbsp;kr.","Availability":"In stock"},"schema":{"@context":"https:\/\/schema.org","@graph":[{"@type":"WebPage","@id":"https:\/\/vorulagerinn.is\/product\/gripthjalfi-stillanlegur-5-60-kg-med-teljara\/","url":"https:\/\/vorulagerinn.is\/product\/gripthjalfi-stillanlegur-5-60-kg-med-teljara\/","name":"Grip\u00fej\u00e1lfi stillanlegur 5-60 kg me\u00f0 teljara | vorulagerinn.is","isPartOf":{"@id":"https:\/\/vorulagerinn.is\/#website"},"primaryImageOfPage":{"@id":"https:\/\/vorulagerinn.is\/product\/gripthjalfi-stillanlegur-5-60-kg-med-teljara\/#primaryimage"},"image":{"@id":"https:\/\/vorulagerinn.is\/product\/gripthjalfi-stillanlegur-5-60-kg-med-teljara\/#primaryimage"},"thumbnailUrl":"https:\/\/vorulagerinn.is\/wp-content\/uploads\/2023\/03\/Gripthjalfi-1.jpg","datePublished":"2023-03-02T21:12:51+00:00","dateModified":"2026-04-10T13:30:04+00:00","description":"Styrkir v\u00f6\u00f0va \u00ed h\u00f6ndum og upphandlegg. Tilvalin til \u00e6finga vi\u00f0 a\u00f0 n\u00e1 fyrir styrk eftir mei\u00f0sli e\u00f0a annarra orsaka fyrir m\u00e1ttleysi \u00ed h\u00f6ndum.","breadcrumb":{"@id":"https:\/\/vorulagerinn.is\/product\/gripthjalfi-stillanlegur-5-60-kg-med-teljara\/#breadcrumb"},"inLanguage":"en-US","potentialAction":[{"@type":"ReadAction","target":["https:\/\/vorulagerinn.is\/product\/gripthjalfi-stillanlegur-5-60-kg-med-teljara\/"]}]},{"@type":"ImageObject","inLanguage":"en-US","@id":"https:\/\/vorulagerinn.is\/product\/gripthjalfi-stillanlegur-5-60-kg-med-teljara\/#primaryimage","url":"https:\/\/vorulagerinn.is\/wp-content\/uploads\/2023\/03\/Gripthjalfi-1.jpg","contentUrl":"https:\/\/vorulagerinn.is\/wp-content\/uploads\/2023\/03\/Gripthjalfi-1.jpg","width":600,"height":600},{"@type":"BreadcrumbList","@id":"https:\/\/vorulagerinn.is\/product\/gripthjalfi-stillanlegur-5-60-kg-med-teljara\/#breadcrumb","itemListElement":[{"@type":"ListItem","position":1,"name":"Home","item":"https:\/\/vorulagerinn.is\/"},{"@type":"ListItem","position":2,"name":"Shop","item":"https:\/\/vorulagerinn.is\/en\/shop\/"},{"@type":"ListItem","position":3,"name":"Grip\u00fej\u00e1lfi stillanlegur 5-60 kg me\u00f0 teljara"}]},{"@type":"WebSite","@id":"https:\/\/vorulagerinn.is\/#website","url":"https:\/\/vorulagerinn.is\/","name":"V\u00f6rulagerinn","description":"L\u00e1ttu \u00fea\u00f0 eftir \u00fe\u00e9r","publisher":{"@id":"https:\/\/vorulagerinn.is\/#organization"},"potentialAction":[{"@type":"SearchAction","target":{"@type":"EntryPoint","urlTemplate":"https:\/\/vorulagerinn.is\/?s={search_term_string}"},"query-input":{"@type":"PropertyValueSpecification","valueRequired":true,"valueName":"search_term_string"}}],"inLanguage":"en-US"},{"@type":"Organization","@id":"https:\/\/vorulagerinn.is\/#organization","name":"V\u00f6rulagerinn","url":"https:\/\/vorulagerinn.is\/","logo":{"@type":"ImageObject","inLanguage":"en-US","@id":"https:\/\/vorulagerinn.is\/#\/schema\/logo\/image\/","url":"https:\/\/vorulagerinn.is\/wp-content\/uploads\/2022\/09\/Vorulagerinn-Logo-588x160-1.png","contentUrl":"https:\/\/vorulagerinn.is\/wp-content\/uploads\/2022\/09\/Vorulagerinn-Logo-588x160-1.png","width":588,"height":160,"caption":"V\u00f6rulagerinn"},"image":{"@id":"https:\/\/vorulagerinn.is\/#\/schema\/logo\/image\/"},"sameAs":["https:\/\/www.facebook.com\/vorulagerinn","https:\/\/www.instagram.com\/vorulagerinn\/"]}]},"product_price_amount":"2500","product_price_currency":"ISK","og_availability":"instock","product_availability":"instock","product_retailer_item_id":"V80","product_condition":"new"},"_links":{"self":[{"href":"https:\/\/vorulagerinn.is\/en\/wp-json\/wp\/v2\/product\/9093","targetHints":{"allow":["GET"]}}],"collection":[{"href":"https:\/\/vorulagerinn.is\/en\/wp-json\/wp\/v2\/product"}],"about":[{"href":"https:\/\/vorulagerinn.is\/en\/wp-json\/wp\/v2\/types\/product"}],"wp:featuredmedia":[{"embeddable":true,"href":"https:\/\/vorulagerinn.is\/en\/wp-json\/wp\/v2\/media\/25098"}],"wp:attachment":[{"href":"https:\/\/vorulagerinn.is\/en\/wp-json\/wp\/v2\/media?parent=9093"}],"wp:term":[{"taxonomy":"product_brand","embeddable":true,"href":"https:\/\/vorulagerinn.is\/en\/wp-json\/wp\/v2\/product_brand?post=9093"},{"taxonomy":"product_cat","embeddable":true,"href":"https:\/\/vorulagerinn.is\/en\/wp-json\/wp\/v2\/product_cat?post=9093"},{"taxonomy":"product_tag","embeddable":true,"href":"https:\/\/vorulagerinn.is\/en\/wp-json\/wp\/v2\/product_tag?post=9093"}],"curies":[{"name":"wp","href":"https:\/\/api.w.org\/{rel}","templated":true}]}}