{"id":9496,"date":"2023-03-19T17:39:06","date_gmt":"2023-03-19T17:39:06","guid":{"rendered":"https:\/\/vorulagerinn.is\/?post_type=product&#038;p=9496"},"modified":"2026-03-12T17:07:13","modified_gmt":"2026-03-12T17:07:13","slug":"hdmi-4k-ultra-hd-hahrada-15-metra-kapall-male-to-male","status":"publish","type":"product","link":"https:\/\/vorulagerinn.is\/en\/product\/hdmi-4k-ultra-hd-hahrada-15-metra-kapall-male-to-male\/","title":{"rendered":"HDMI 4K Ultra HD h\u00e1hra\u00f0a 1,5 metra kapall (male to male)"},"content":{"rendered":"","protected":false},"excerpt":{"rendered":"<p>H\u00e1g\u00e6\u00f0a 4K Ultra HD + 3D h\u00e1hra\u00f0a 1,5 metra HDMI sn\u00fara\u00a0(male to male). HDMI kapallinn hentar einstaklega vel fyrir hlj\u00f3\u00f0 og mynd og \u00fev\u00ed er upplagt a\u00f0 nota hann fyrir t\u00f6lvur, sj\u00f3nvarp, skj\u00e1varpa, camerur, DVD spilara, leikjat\u00f6lvur, sj\u00f3nvarpsbox o.s.frv.<\/p>\n<p>Litur: Svartur<br \/>\nSt\u00e6r\u00f0: 1,5 metrar<br \/>\n\u00deyngd: 100 gr\u00f6mm<br \/>\nTengi: male og male<br \/>\nFull HD og 3D<br \/>\nGagnaflutningur allt a\u00f0 10.2 Gb \u00e1 sek.<\/p>\n","protected":false},"featured_media":9502,"template":"","meta":[],"product_brand":[],"product_cat":[464,439],"product_tag":[],"class_list":{"0":"post-9496","1":"product","2":"type-product","3":"status-publish","4":"has-post-thumbnail","6":"product_cat-hdmi","7":"product_cat-usb-snurur","9":"first","10":"instock","11":"sale","12":"featured","13":"taxable","14":"shipping-taxable","15":"purchasable","16":"product-type-simple"},"supplier_id":null,"supplier_sku":"","barcode":null,"atum_controlled":true,"out_stock_date":null,"out_stock_threshold":null,"inheritable":false,"inbound_stock":0,"stock_on_hold":0,"sold_today":0,"sales_last_days":0,"reserved_stock":0,"customer_returns":0,"warehouse_damage":0,"lost_in_post":0,"other_logs":0,"out_stock_days":0,"lost_sales":0,"has_location":false,"update_date":"2026-04-19T00:23:34","atum_locations":[],"atum_stock_status":"instock","restock_status":false,"low_stock_amount":"","sales_update_date":"2026-04-19T00:23:34","calc_backorders":null,"yoast_head":"<!-- This site is optimized with the Yoast SEO Premium plugin v26.6 (Yoast SEO v27.3) - https:\/\/yoast.com\/product\/yoast-seo-premium-wordpress\/ -->\n<title>H\u00e1g\u00e6\u00f0a 4K Ultra HD 3D h\u00e1hra\u00f0a HDMI 1,5m sn\u00fara (male to male)<\/title>\n<meta name=\"description\" content=\"HDMI sn\u00faran hentar einstaklega vel fyrir t\u00f6lvur, sj\u00f3nvarp, skj\u00e1varpa, camerur, DVD spilara, leikjat\u00f6lvur, sj\u00f3nvarpsbox o.s.frv.\u00a0\" \/>\n<meta name=\"robots\" content=\"index, follow, max-snippet:-1, max-image-preview:large, max-video-preview:-1\" \/>\n<link rel=\"canonical\" href=\"https:\/\/vorulagerinn.is\/product\/hdmi-4k-ultra-hd-hahrada-15-metra-kapall-male-to-male\/\" \/>\n<meta property=\"og:locale\" content=\"en_US\" \/>\n<meta property=\"og:type\" content=\"article\" \/>\n<meta property=\"og:title\" content=\"HDMI 4K Ultra HD h\u00e1hra\u00f0a 1,5 metra kapall (male to male)\" \/>\n<meta property=\"og:description\" content=\"HDMI sn\u00faran hentar einstaklega vel fyrir t\u00f6lvur, sj\u00f3nvarp, skj\u00e1varpa, camerur, DVD spilara, leikjat\u00f6lvur, sj\u00f3nvarpsbox o.s.frv.\u00a0\" \/>\n<meta property=\"og:url\" content=\"https:\/\/vorulagerinn.is\/product\/hdmi-4k-ultra-hd-hahrada-15-metra-kapall-male-to-male\/\" \/>\n<meta property=\"og:site_name\" content=\"V&ouml;rulagerinn\" \/>\n<meta property=\"article:publisher\" content=\"https:\/\/www.facebook.com\/vorulagerinn\" \/>\n<meta property=\"article:modified_time\" content=\"2026-03-12T17:07:13+00:00\" \/>\n<meta property=\"og:image\" content=\"https:\/\/vorulagerinn.is\/wp-content\/uploads\/2023\/03\/HDMI.jpg\" \/>\n\t<meta property=\"og:image:width\" content=\"600\" \/>\n\t<meta property=\"og:image:height\" content=\"600\" \/>\n\t<meta property=\"og:image:type\" content=\"image\/jpeg\" \/>\n<meta name=\"twitter:card\" content=\"summary_large_image\" \/>\n<meta name=\"twitter:label1\" content=\"Price\" \/>\n\t<meta name=\"twitter:data1\" content=\"900&nbsp;kr.\" \/>\n\t<meta name=\"twitter:label2\" content=\"Availability\" \/>\n\t<meta name=\"twitter:data2\" content=\"In stock\" \/>\n<script type=\"application\/ld+json\" class=\"yoast-schema-graph\">{\"@context\":\"https:\\\/\\\/schema.org\",\"@graph\":[{\"@type\":\"WebPage\",\"@id\":\"https:\\\/\\\/vorulagerinn.is\\\/product\\\/hdmi-4k-ultra-hd-hahrada-15-metra-kapall-male-to-male\\\/\",\"url\":\"https:\\\/\\\/vorulagerinn.is\\\/product\\\/hdmi-4k-ultra-hd-hahrada-15-metra-kapall-male-to-male\\\/\",\"name\":\"H\u00e1g\u00e6\u00f0a 4K Ultra HD 3D h\u00e1hra\u00f0a HDMI 1,5m sn\u00fara (male to male)\",\"isPartOf\":{\"@id\":\"https:\\\/\\\/vorulagerinn.is\\\/#website\"},\"primaryImageOfPage\":{\"@id\":\"https:\\\/\\\/vorulagerinn.is\\\/product\\\/hdmi-4k-ultra-hd-hahrada-15-metra-kapall-male-to-male\\\/#primaryimage\"},\"image\":{\"@id\":\"https:\\\/\\\/vorulagerinn.is\\\/product\\\/hdmi-4k-ultra-hd-hahrada-15-metra-kapall-male-to-male\\\/#primaryimage\"},\"thumbnailUrl\":\"https:\\\/\\\/vorulagerinn.is\\\/wp-content\\\/uploads\\\/2023\\\/03\\\/HDMI.jpg\",\"datePublished\":\"2023-03-19T17:39:06+00:00\",\"dateModified\":\"2026-03-12T17:07:13+00:00\",\"description\":\"HDMI sn\u00faran hentar einstaklega vel fyrir t\u00f6lvur, sj\u00f3nvarp, skj\u00e1varpa, camerur, DVD spilara, leikjat\u00f6lvur, sj\u00f3nvarpsbox o.s.frv.\u00a0\",\"breadcrumb\":{\"@id\":\"https:\\\/\\\/vorulagerinn.is\\\/product\\\/hdmi-4k-ultra-hd-hahrada-15-metra-kapall-male-to-male\\\/#breadcrumb\"},\"inLanguage\":\"en-US\",\"potentialAction\":[{\"@type\":\"ReadAction\",\"target\":[\"https:\\\/\\\/vorulagerinn.is\\\/product\\\/hdmi-4k-ultra-hd-hahrada-15-metra-kapall-male-to-male\\\/\"]}]},{\"@type\":\"ImageObject\",\"inLanguage\":\"en-US\",\"@id\":\"https:\\\/\\\/vorulagerinn.is\\\/product\\\/hdmi-4k-ultra-hd-hahrada-15-metra-kapall-male-to-male\\\/#primaryimage\",\"url\":\"https:\\\/\\\/vorulagerinn.is\\\/wp-content\\\/uploads\\\/2023\\\/03\\\/HDMI.jpg\",\"contentUrl\":\"https:\\\/\\\/vorulagerinn.is\\\/wp-content\\\/uploads\\\/2023\\\/03\\\/HDMI.jpg\",\"width\":600,\"height\":600},{\"@type\":\"BreadcrumbList\",\"@id\":\"https:\\\/\\\/vorulagerinn.is\\\/product\\\/hdmi-4k-ultra-hd-hahrada-15-metra-kapall-male-to-male\\\/#breadcrumb\",\"itemListElement\":[{\"@type\":\"ListItem\",\"position\":1,\"name\":\"Home\",\"item\":\"https:\\\/\\\/vorulagerinn.is\\\/\"},{\"@type\":\"ListItem\",\"position\":2,\"name\":\"Shop\",\"item\":\"https:\\\/\\\/vorulagerinn.is\\\/en\\\/shop\\\/\"},{\"@type\":\"ListItem\",\"position\":3,\"name\":\"HDMI 4K Ultra HD h\u00e1hra\u00f0a 1,5 metra kapall (male to male)\"}]},{\"@type\":\"WebSite\",\"@id\":\"https:\\\/\\\/vorulagerinn.is\\\/#website\",\"url\":\"https:\\\/\\\/vorulagerinn.is\\\/\",\"name\":\"V\u00f6rulagerinn\",\"description\":\"L\u00e1ttu \u00fea\u00f0 eftir \u00fe\u00e9r\",\"publisher\":{\"@id\":\"https:\\\/\\\/vorulagerinn.is\\\/#organization\"},\"potentialAction\":[{\"@type\":\"SearchAction\",\"target\":{\"@type\":\"EntryPoint\",\"urlTemplate\":\"https:\\\/\\\/vorulagerinn.is\\\/?s={search_term_string}\"},\"query-input\":{\"@type\":\"PropertyValueSpecification\",\"valueRequired\":true,\"valueName\":\"search_term_string\"}}],\"inLanguage\":\"en-US\"},{\"@type\":\"Organization\",\"@id\":\"https:\\\/\\\/vorulagerinn.is\\\/#organization\",\"name\":\"V\u00f6rulagerinn\",\"url\":\"https:\\\/\\\/vorulagerinn.is\\\/\",\"logo\":{\"@type\":\"ImageObject\",\"inLanguage\":\"en-US\",\"@id\":\"https:\\\/\\\/vorulagerinn.is\\\/#\\\/schema\\\/logo\\\/image\\\/\",\"url\":\"https:\\\/\\\/vorulagerinn.is\\\/wp-content\\\/uploads\\\/2022\\\/09\\\/Vorulagerinn-Logo-588x160-1.png\",\"contentUrl\":\"https:\\\/\\\/vorulagerinn.is\\\/wp-content\\\/uploads\\\/2022\\\/09\\\/Vorulagerinn-Logo-588x160-1.png\",\"width\":588,\"height\":160,\"caption\":\"V\u00f6rulagerinn\"},\"image\":{\"@id\":\"https:\\\/\\\/vorulagerinn.is\\\/#\\\/schema\\\/logo\\\/image\\\/\"},\"sameAs\":[\"https:\\\/\\\/www.facebook.com\\\/vorulagerinn\",\"https:\\\/\\\/www.instagram.com\\\/vorulagerinn\\\/\"]}]}<\/script>\n<meta property=\"product:price:amount\" content=\"900\" \/>\n<meta property=\"product:price:currency\" content=\"ISK\" \/>\n<meta property=\"og:availability\" content=\"instock\" \/>\n<meta property=\"product:availability\" content=\"instock\" \/>\n<meta property=\"product:retailer_item_id\" content=\"V76\" \/>\n<meta property=\"product:condition\" content=\"new\" \/>\n<!-- \/ Yoast SEO Premium plugin. -->","yoast_head_json":{"title":"H\u00e1g\u00e6\u00f0a 4K Ultra HD 3D h\u00e1hra\u00f0a HDMI 1,5m sn\u00fara (male to male)","description":"HDMI sn\u00faran hentar einstaklega vel fyrir t\u00f6lvur, sj\u00f3nvarp, skj\u00e1varpa, camerur, DVD spilara, leikjat\u00f6lvur, sj\u00f3nvarpsbox o.s.frv.\u00a0","robots":{"index":"index","follow":"follow","max-snippet":"max-snippet:-1","max-image-preview":"max-image-preview:large","max-video-preview":"max-video-preview:-1"},"canonical":"https:\/\/vorulagerinn.is\/product\/hdmi-4k-ultra-hd-hahrada-15-metra-kapall-male-to-male\/","og_locale":"en_US","og_type":"article","og_title":"HDMI 4K Ultra HD h\u00e1hra\u00f0a 1,5 metra kapall (male to male)","og_description":"HDMI sn\u00faran hentar einstaklega vel fyrir t\u00f6lvur, sj\u00f3nvarp, skj\u00e1varpa, camerur, DVD spilara, leikjat\u00f6lvur, sj\u00f3nvarpsbox o.s.frv.\u00a0","og_url":"https:\/\/vorulagerinn.is\/product\/hdmi-4k-ultra-hd-hahrada-15-metra-kapall-male-to-male\/","og_site_name":"V&ouml;rulagerinn","article_publisher":"https:\/\/www.facebook.com\/vorulagerinn","article_modified_time":"2026-03-12T17:07:13+00:00","og_image":[{"width":600,"height":600,"url":"https:\/\/vorulagerinn.is\/wp-content\/uploads\/2023\/03\/HDMI.jpg","type":"image\/jpeg"}],"twitter_card":"summary_large_image","twitter_misc":{"Price":"900&nbsp;kr.","Availability":"In stock"},"schema":{"@context":"https:\/\/schema.org","@graph":[{"@type":"WebPage","@id":"https:\/\/vorulagerinn.is\/product\/hdmi-4k-ultra-hd-hahrada-15-metra-kapall-male-to-male\/","url":"https:\/\/vorulagerinn.is\/product\/hdmi-4k-ultra-hd-hahrada-15-metra-kapall-male-to-male\/","name":"H\u00e1g\u00e6\u00f0a 4K Ultra HD 3D h\u00e1hra\u00f0a HDMI 1,5m sn\u00fara (male to male)","isPartOf":{"@id":"https:\/\/vorulagerinn.is\/#website"},"primaryImageOfPage":{"@id":"https:\/\/vorulagerinn.is\/product\/hdmi-4k-ultra-hd-hahrada-15-metra-kapall-male-to-male\/#primaryimage"},"image":{"@id":"https:\/\/vorulagerinn.is\/product\/hdmi-4k-ultra-hd-hahrada-15-metra-kapall-male-to-male\/#primaryimage"},"thumbnailUrl":"https:\/\/vorulagerinn.is\/wp-content\/uploads\/2023\/03\/HDMI.jpg","datePublished":"2023-03-19T17:39:06+00:00","dateModified":"2026-03-12T17:07:13+00:00","description":"HDMI sn\u00faran hentar einstaklega vel fyrir t\u00f6lvur, sj\u00f3nvarp, skj\u00e1varpa, camerur, DVD spilara, leikjat\u00f6lvur, sj\u00f3nvarpsbox o.s.frv.\u00a0","breadcrumb":{"@id":"https:\/\/vorulagerinn.is\/product\/hdmi-4k-ultra-hd-hahrada-15-metra-kapall-male-to-male\/#breadcrumb"},"inLanguage":"en-US","potentialAction":[{"@type":"ReadAction","target":["https:\/\/vorulagerinn.is\/product\/hdmi-4k-ultra-hd-hahrada-15-metra-kapall-male-to-male\/"]}]},{"@type":"ImageObject","inLanguage":"en-US","@id":"https:\/\/vorulagerinn.is\/product\/hdmi-4k-ultra-hd-hahrada-15-metra-kapall-male-to-male\/#primaryimage","url":"https:\/\/vorulagerinn.is\/wp-content\/uploads\/2023\/03\/HDMI.jpg","contentUrl":"https:\/\/vorulagerinn.is\/wp-content\/uploads\/2023\/03\/HDMI.jpg","width":600,"height":600},{"@type":"BreadcrumbList","@id":"https:\/\/vorulagerinn.is\/product\/hdmi-4k-ultra-hd-hahrada-15-metra-kapall-male-to-male\/#breadcrumb","itemListElement":[{"@type":"ListItem","position":1,"name":"Home","item":"https:\/\/vorulagerinn.is\/"},{"@type":"ListItem","position":2,"name":"Shop","item":"https:\/\/vorulagerinn.is\/en\/shop\/"},{"@type":"ListItem","position":3,"name":"HDMI 4K Ultra HD h\u00e1hra\u00f0a 1,5 metra kapall (male to male)"}]},{"@type":"WebSite","@id":"https:\/\/vorulagerinn.is\/#website","url":"https:\/\/vorulagerinn.is\/","name":"V\u00f6rulagerinn","description":"L\u00e1ttu \u00fea\u00f0 eftir \u00fe\u00e9r","publisher":{"@id":"https:\/\/vorulagerinn.is\/#organization"},"potentialAction":[{"@type":"SearchAction","target":{"@type":"EntryPoint","urlTemplate":"https:\/\/vorulagerinn.is\/?s={search_term_string}"},"query-input":{"@type":"PropertyValueSpecification","valueRequired":true,"valueName":"search_term_string"}}],"inLanguage":"en-US"},{"@type":"Organization","@id":"https:\/\/vorulagerinn.is\/#organization","name":"V\u00f6rulagerinn","url":"https:\/\/vorulagerinn.is\/","logo":{"@type":"ImageObject","inLanguage":"en-US","@id":"https:\/\/vorulagerinn.is\/#\/schema\/logo\/image\/","url":"https:\/\/vorulagerinn.is\/wp-content\/uploads\/2022\/09\/Vorulagerinn-Logo-588x160-1.png","contentUrl":"https:\/\/vorulagerinn.is\/wp-content\/uploads\/2022\/09\/Vorulagerinn-Logo-588x160-1.png","width":588,"height":160,"caption":"V\u00f6rulagerinn"},"image":{"@id":"https:\/\/vorulagerinn.is\/#\/schema\/logo\/image\/"},"sameAs":["https:\/\/www.facebook.com\/vorulagerinn","https:\/\/www.instagram.com\/vorulagerinn\/"]}]},"product_price_amount":"900","product_price_currency":"ISK","og_availability":"instock","product_availability":"instock","product_retailer_item_id":"V76","product_condition":"new"},"_links":{"self":[{"href":"https:\/\/vorulagerinn.is\/en\/wp-json\/wp\/v2\/product\/9496","targetHints":{"allow":["GET"]}}],"collection":[{"href":"https:\/\/vorulagerinn.is\/en\/wp-json\/wp\/v2\/product"}],"about":[{"href":"https:\/\/vorulagerinn.is\/en\/wp-json\/wp\/v2\/types\/product"}],"wp:featuredmedia":[{"embeddable":true,"href":"https:\/\/vorulagerinn.is\/en\/wp-json\/wp\/v2\/media\/9502"}],"wp:attachment":[{"href":"https:\/\/vorulagerinn.is\/en\/wp-json\/wp\/v2\/media?parent=9496"}],"wp:term":[{"taxonomy":"product_brand","embeddable":true,"href":"https:\/\/vorulagerinn.is\/en\/wp-json\/wp\/v2\/product_brand?post=9496"},{"taxonomy":"product_cat","embeddable":true,"href":"https:\/\/vorulagerinn.is\/en\/wp-json\/wp\/v2\/product_cat?post=9496"},{"taxonomy":"product_tag","embeddable":true,"href":"https:\/\/vorulagerinn.is\/en\/wp-json\/wp\/v2\/product_tag?post=9496"}],"curies":[{"name":"wp","href":"https:\/\/api.w.org\/{rel}","templated":true}]}}