{"id":9651,"date":"2023-03-24T13:26:06","date_gmt":"2023-03-24T13:26:06","guid":{"rendered":"https:\/\/vorulagerinn.is\/?post_type=product&#038;p=9651"},"modified":"2026-02-17T11:41:07","modified_gmt":"2026-02-17T11:41:07","slug":"flotrum","status":"publish","type":"product","link":"https:\/\/vorulagerinn.is\/en\/product\/flotrum\/","title":{"rendered":"Flotr\u00fam &#8211; Upplagt a\u00f0 taka me\u00f0 \u00ed s\u00f3larlandafer\u00f0ina e\u00f0a nota \u00ed heitapottinum heima"},"content":{"rendered":"","protected":false},"excerpt":{"rendered":"<p>\u00dea\u00f0 er tilvali\u00f0 a\u00f0 taka flotr\u00fami\u00f0 me\u00f0 \u00ed s\u00f3larlandafer\u00f0ina og nota \u00ed sundlauginni e\u00f0a \u00ed sj\u00f3num. \u00de\u00fa getur einnig teki\u00f0 flotr\u00fami\u00f0 me\u00f0 \u00fe\u00e9r \u00ed pottinum heima og\/e\u00f0a \u00ed sumarb\u00fasta\u00f0inn.<\/p>\n<p>&#8211; Litur: Bl\u00e1r<br \/>\n&#8211; St\u00e6r\u00f0 : 130cm x 70 cm<br \/>\n&#8211; H\u00e1marks\u00feyngd: 110 kg<br \/>\n&#8211; Efni: PCV<\/p>\n","protected":false},"featured_media":25107,"template":"","meta":[],"product_brand":[],"product_cat":[167,463],"product_tag":[],"class_list":{"0":"post-9651","1":"product","2":"type-product","3":"status-publish","4":"has-post-thumbnail","6":"product_cat-heimilid","7":"product_cat-outlet","9":"first","10":"instock","11":"sale","12":"featured","13":"taxable","14":"shipping-taxable","15":"purchasable","16":"product-type-variable"},"supplier_id":null,"supplier_sku":"","barcode":null,"atum_controlled":true,"out_stock_date":null,"out_stock_threshold":null,"inheritable":true,"inbound_stock":0,"stock_on_hold":0,"sold_today":0,"sales_last_days":0,"reserved_stock":0,"customer_returns":0,"warehouse_damage":0,"lost_in_post":0,"other_logs":0,"out_stock_days":0,"lost_sales":0,"has_location":false,"update_date":"2026-04-12T00:15:23","atum_locations":[],"atum_stock_status":"instock","restock_status":false,"low_stock_amount":"","sales_update_date":"2026-04-12T00:15:23","calc_backorders":null,"yoast_head":"<!-- This site is optimized with the Yoast SEO Premium plugin v26.6 (Yoast SEO v27.3) - https:\/\/yoast.com\/product\/yoast-seo-premium-wordpress\/ -->\n<title>Flotr\u00fam | Upplagt a\u00f0 taka me\u00f0 \u00ed s\u00f3larlandafer\u00f0ina &amp; \u00ed pottinn heima<\/title>\n<meta name=\"description\" content=\"\u00dea\u00f0 er tilvali\u00f0 a\u00f0 taka flotr\u00fam\u00f0 me\u00f0 \u00ed s\u00f3larlandafer\u00f0ina og nota \u00ed sundlauginni, \u00e1 sj\u00f3num e\u00f0a \u00ed pottinum heima.\" \/>\n<meta name=\"robots\" content=\"index, follow, max-snippet:-1, max-image-preview:large, max-video-preview:-1\" \/>\n<link rel=\"canonical\" href=\"https:\/\/vorulagerinn.is\/product\/flotrum\/\" \/>\n<meta property=\"og:locale\" content=\"en_US\" \/>\n<meta property=\"og:type\" content=\"article\" \/>\n<meta property=\"og:title\" content=\"Flotr\u00fam - Upplagt a\u00f0 taka me\u00f0 \u00ed s\u00f3larlandafer\u00f0ina e\u00f0a nota \u00ed heitapottinum heima\" \/>\n<meta property=\"og:description\" content=\"\u00dea\u00f0 er tilvali\u00f0 a\u00f0 taka flotr\u00fam\u00f0 me\u00f0 \u00ed s\u00f3larlandafer\u00f0ina og nota \u00ed sundlauginni, \u00e1 sj\u00f3num e\u00f0a \u00ed pottinum heima.\" \/>\n<meta property=\"og:url\" content=\"https:\/\/vorulagerinn.is\/product\/flotrum\/\" \/>\n<meta property=\"og:site_name\" content=\"V&ouml;rulagerinn\" \/>\n<meta property=\"article:publisher\" content=\"https:\/\/www.facebook.com\/vorulagerinn\" \/>\n<meta property=\"article:modified_time\" content=\"2026-02-17T11:41:07+00:00\" \/>\n<meta property=\"og:image\" content=\"https:\/\/vorulagerinn.is\/wp-content\/uploads\/2023\/03\/Fljotandi-hengirum-2.jpg\" \/>\n\t<meta property=\"og:image:width\" content=\"600\" \/>\n\t<meta property=\"og:image:height\" content=\"600\" \/>\n\t<meta property=\"og:image:type\" content=\"image\/jpeg\" \/>\n<meta name=\"twitter:card\" content=\"summary_large_image\" \/>\n<meta name=\"twitter:label1\" content=\"Availability\" \/>\n\t<meta name=\"twitter:data1\" content=\"In stock\" \/>\n<script type=\"application\/ld+json\" class=\"yoast-schema-graph\">{\"@context\":\"https:\\\/\\\/schema.org\",\"@graph\":[{\"@type\":\"WebPage\",\"@id\":\"https:\\\/\\\/vorulagerinn.is\\\/product\\\/flotrum\\\/\",\"url\":\"https:\\\/\\\/vorulagerinn.is\\\/product\\\/flotrum\\\/\",\"name\":\"Flotr\u00fam | Upplagt a\u00f0 taka me\u00f0 \u00ed s\u00f3larlandafer\u00f0ina & \u00ed pottinn heima\",\"isPartOf\":{\"@id\":\"https:\\\/\\\/vorulagerinn.is\\\/#website\"},\"primaryImageOfPage\":{\"@id\":\"https:\\\/\\\/vorulagerinn.is\\\/product\\\/flotrum\\\/#primaryimage\"},\"image\":{\"@id\":\"https:\\\/\\\/vorulagerinn.is\\\/product\\\/flotrum\\\/#primaryimage\"},\"thumbnailUrl\":\"https:\\\/\\\/vorulagerinn.is\\\/wp-content\\\/uploads\\\/2023\\\/03\\\/Fljotandi-hengirum-2.jpg\",\"datePublished\":\"2023-03-24T13:26:06+00:00\",\"dateModified\":\"2026-02-17T11:41:07+00:00\",\"description\":\"\u00dea\u00f0 er tilvali\u00f0 a\u00f0 taka flotr\u00fam\u00f0 me\u00f0 \u00ed s\u00f3larlandafer\u00f0ina og nota \u00ed sundlauginni, \u00e1 sj\u00f3num e\u00f0a \u00ed pottinum heima.\",\"breadcrumb\":{\"@id\":\"https:\\\/\\\/vorulagerinn.is\\\/product\\\/flotrum\\\/#breadcrumb\"},\"inLanguage\":\"en-US\",\"potentialAction\":[{\"@type\":\"ReadAction\",\"target\":[\"https:\\\/\\\/vorulagerinn.is\\\/product\\\/flotrum\\\/\"]}]},{\"@type\":\"ImageObject\",\"inLanguage\":\"en-US\",\"@id\":\"https:\\\/\\\/vorulagerinn.is\\\/product\\\/flotrum\\\/#primaryimage\",\"url\":\"https:\\\/\\\/vorulagerinn.is\\\/wp-content\\\/uploads\\\/2023\\\/03\\\/Fljotandi-hengirum-2.jpg\",\"contentUrl\":\"https:\\\/\\\/vorulagerinn.is\\\/wp-content\\\/uploads\\\/2023\\\/03\\\/Fljotandi-hengirum-2.jpg\",\"width\":600,\"height\":600},{\"@type\":\"BreadcrumbList\",\"@id\":\"https:\\\/\\\/vorulagerinn.is\\\/product\\\/flotrum\\\/#breadcrumb\",\"itemListElement\":[{\"@type\":\"ListItem\",\"position\":1,\"name\":\"Home\",\"item\":\"https:\\\/\\\/vorulagerinn.is\\\/\"},{\"@type\":\"ListItem\",\"position\":2,\"name\":\"Shop\",\"item\":\"https:\\\/\\\/vorulagerinn.is\\\/en\\\/shop\\\/\"},{\"@type\":\"ListItem\",\"position\":3,\"name\":\"Flotr\u00fam &#8211; Upplagt a\u00f0 taka me\u00f0 \u00ed s\u00f3larlandafer\u00f0ina e\u00f0a nota \u00ed heitapottinum heima\"}]},{\"@type\":\"WebSite\",\"@id\":\"https:\\\/\\\/vorulagerinn.is\\\/#website\",\"url\":\"https:\\\/\\\/vorulagerinn.is\\\/\",\"name\":\"V\u00f6rulagerinn\",\"description\":\"L\u00e1ttu \u00fea\u00f0 eftir \u00fe\u00e9r\",\"publisher\":{\"@id\":\"https:\\\/\\\/vorulagerinn.is\\\/#organization\"},\"potentialAction\":[{\"@type\":\"SearchAction\",\"target\":{\"@type\":\"EntryPoint\",\"urlTemplate\":\"https:\\\/\\\/vorulagerinn.is\\\/?s={search_term_string}\"},\"query-input\":{\"@type\":\"PropertyValueSpecification\",\"valueRequired\":true,\"valueName\":\"search_term_string\"}}],\"inLanguage\":\"en-US\"},{\"@type\":\"Organization\",\"@id\":\"https:\\\/\\\/vorulagerinn.is\\\/#organization\",\"name\":\"V\u00f6rulagerinn\",\"url\":\"https:\\\/\\\/vorulagerinn.is\\\/\",\"logo\":{\"@type\":\"ImageObject\",\"inLanguage\":\"en-US\",\"@id\":\"https:\\\/\\\/vorulagerinn.is\\\/#\\\/schema\\\/logo\\\/image\\\/\",\"url\":\"https:\\\/\\\/vorulagerinn.is\\\/wp-content\\\/uploads\\\/2022\\\/09\\\/Vorulagerinn-Logo-588x160-1.png\",\"contentUrl\":\"https:\\\/\\\/vorulagerinn.is\\\/wp-content\\\/uploads\\\/2022\\\/09\\\/Vorulagerinn-Logo-588x160-1.png\",\"width\":588,\"height\":160,\"caption\":\"V\u00f6rulagerinn\"},\"image\":{\"@id\":\"https:\\\/\\\/vorulagerinn.is\\\/#\\\/schema\\\/logo\\\/image\\\/\"},\"sameAs\":[\"https:\\\/\\\/www.facebook.com\\\/vorulagerinn\",\"https:\\\/\\\/www.instagram.com\\\/vorulagerinn\\\/\"]}]}<\/script>\n<meta property=\"og:availability\" content=\"instock\" \/>\n<meta property=\"product:availability\" content=\"instock\" \/>\n<meta property=\"product:retailer_item_id\" content=\"V75\" \/>\n<meta property=\"product:condition\" content=\"new\" \/>\n<!-- \/ Yoast SEO Premium plugin. -->","yoast_head_json":{"title":"Flotr\u00fam | Upplagt a\u00f0 taka me\u00f0 \u00ed s\u00f3larlandafer\u00f0ina & \u00ed pottinn heima","description":"\u00dea\u00f0 er tilvali\u00f0 a\u00f0 taka flotr\u00fam\u00f0 me\u00f0 \u00ed s\u00f3larlandafer\u00f0ina og nota \u00ed sundlauginni, \u00e1 sj\u00f3num e\u00f0a \u00ed pottinum heima.","robots":{"index":"index","follow":"follow","max-snippet":"max-snippet:-1","max-image-preview":"max-image-preview:large","max-video-preview":"max-video-preview:-1"},"canonical":"https:\/\/vorulagerinn.is\/product\/flotrum\/","og_locale":"en_US","og_type":"article","og_title":"Flotr\u00fam - Upplagt a\u00f0 taka me\u00f0 \u00ed s\u00f3larlandafer\u00f0ina e\u00f0a nota \u00ed heitapottinum heima","og_description":"\u00dea\u00f0 er tilvali\u00f0 a\u00f0 taka flotr\u00fam\u00f0 me\u00f0 \u00ed s\u00f3larlandafer\u00f0ina og nota \u00ed sundlauginni, \u00e1 sj\u00f3num e\u00f0a \u00ed pottinum heima.","og_url":"https:\/\/vorulagerinn.is\/product\/flotrum\/","og_site_name":"V&ouml;rulagerinn","article_publisher":"https:\/\/www.facebook.com\/vorulagerinn","article_modified_time":"2026-02-17T11:41:07+00:00","og_image":[{"width":600,"height":600,"url":"https:\/\/vorulagerinn.is\/wp-content\/uploads\/2023\/03\/Fljotandi-hengirum-2.jpg","type":"image\/jpeg"}],"twitter_card":"summary_large_image","twitter_misc":{"Availability":"In stock"},"schema":{"@context":"https:\/\/schema.org","@graph":[{"@type":"WebPage","@id":"https:\/\/vorulagerinn.is\/product\/flotrum\/","url":"https:\/\/vorulagerinn.is\/product\/flotrum\/","name":"Flotr\u00fam | Upplagt a\u00f0 taka me\u00f0 \u00ed s\u00f3larlandafer\u00f0ina & \u00ed pottinn heima","isPartOf":{"@id":"https:\/\/vorulagerinn.is\/#website"},"primaryImageOfPage":{"@id":"https:\/\/vorulagerinn.is\/product\/flotrum\/#primaryimage"},"image":{"@id":"https:\/\/vorulagerinn.is\/product\/flotrum\/#primaryimage"},"thumbnailUrl":"https:\/\/vorulagerinn.is\/wp-content\/uploads\/2023\/03\/Fljotandi-hengirum-2.jpg","datePublished":"2023-03-24T13:26:06+00:00","dateModified":"2026-02-17T11:41:07+00:00","description":"\u00dea\u00f0 er tilvali\u00f0 a\u00f0 taka flotr\u00fam\u00f0 me\u00f0 \u00ed s\u00f3larlandafer\u00f0ina og nota \u00ed sundlauginni, \u00e1 sj\u00f3num e\u00f0a \u00ed pottinum heima.","breadcrumb":{"@id":"https:\/\/vorulagerinn.is\/product\/flotrum\/#breadcrumb"},"inLanguage":"en-US","potentialAction":[{"@type":"ReadAction","target":["https:\/\/vorulagerinn.is\/product\/flotrum\/"]}]},{"@type":"ImageObject","inLanguage":"en-US","@id":"https:\/\/vorulagerinn.is\/product\/flotrum\/#primaryimage","url":"https:\/\/vorulagerinn.is\/wp-content\/uploads\/2023\/03\/Fljotandi-hengirum-2.jpg","contentUrl":"https:\/\/vorulagerinn.is\/wp-content\/uploads\/2023\/03\/Fljotandi-hengirum-2.jpg","width":600,"height":600},{"@type":"BreadcrumbList","@id":"https:\/\/vorulagerinn.is\/product\/flotrum\/#breadcrumb","itemListElement":[{"@type":"ListItem","position":1,"name":"Home","item":"https:\/\/vorulagerinn.is\/"},{"@type":"ListItem","position":2,"name":"Shop","item":"https:\/\/vorulagerinn.is\/en\/shop\/"},{"@type":"ListItem","position":3,"name":"Flotr\u00fam &#8211; Upplagt a\u00f0 taka me\u00f0 \u00ed s\u00f3larlandafer\u00f0ina e\u00f0a nota \u00ed heitapottinum heima"}]},{"@type":"WebSite","@id":"https:\/\/vorulagerinn.is\/#website","url":"https:\/\/vorulagerinn.is\/","name":"V\u00f6rulagerinn","description":"L\u00e1ttu \u00fea\u00f0 eftir \u00fe\u00e9r","publisher":{"@id":"https:\/\/vorulagerinn.is\/#organization"},"potentialAction":[{"@type":"SearchAction","target":{"@type":"EntryPoint","urlTemplate":"https:\/\/vorulagerinn.is\/?s={search_term_string}"},"query-input":{"@type":"PropertyValueSpecification","valueRequired":true,"valueName":"search_term_string"}}],"inLanguage":"en-US"},{"@type":"Organization","@id":"https:\/\/vorulagerinn.is\/#organization","name":"V\u00f6rulagerinn","url":"https:\/\/vorulagerinn.is\/","logo":{"@type":"ImageObject","inLanguage":"en-US","@id":"https:\/\/vorulagerinn.is\/#\/schema\/logo\/image\/","url":"https:\/\/vorulagerinn.is\/wp-content\/uploads\/2022\/09\/Vorulagerinn-Logo-588x160-1.png","contentUrl":"https:\/\/vorulagerinn.is\/wp-content\/uploads\/2022\/09\/Vorulagerinn-Logo-588x160-1.png","width":588,"height":160,"caption":"V\u00f6rulagerinn"},"image":{"@id":"https:\/\/vorulagerinn.is\/#\/schema\/logo\/image\/"},"sameAs":["https:\/\/www.facebook.com\/vorulagerinn","https:\/\/www.instagram.com\/vorulagerinn\/"]}]},"og_availability":"instock","product_availability":"instock","product_retailer_item_id":"V75","product_condition":"new"},"_links":{"self":[{"href":"https:\/\/vorulagerinn.is\/en\/wp-json\/wp\/v2\/product\/9651","targetHints":{"allow":["GET"]}}],"collection":[{"href":"https:\/\/vorulagerinn.is\/en\/wp-json\/wp\/v2\/product"}],"about":[{"href":"https:\/\/vorulagerinn.is\/en\/wp-json\/wp\/v2\/types\/product"}],"wp:featuredmedia":[{"embeddable":true,"href":"https:\/\/vorulagerinn.is\/en\/wp-json\/wp\/v2\/media\/25107"}],"wp:attachment":[{"href":"https:\/\/vorulagerinn.is\/en\/wp-json\/wp\/v2\/media?parent=9651"}],"wp:term":[{"taxonomy":"product_brand","embeddable":true,"href":"https:\/\/vorulagerinn.is\/en\/wp-json\/wp\/v2\/product_brand?post=9651"},{"taxonomy":"product_cat","embeddable":true,"href":"https:\/\/vorulagerinn.is\/en\/wp-json\/wp\/v2\/product_cat?post=9651"},{"taxonomy":"product_tag","embeddable":true,"href":"https:\/\/vorulagerinn.is\/en\/wp-json\/wp\/v2\/product_tag?post=9651"}],"curies":[{"name":"wp","href":"https:\/\/api.w.org\/{rel}","templated":true}]}}