{"id":9715,"date":"2023-03-27T16:08:46","date_gmt":"2023-03-27T16:08:46","guid":{"rendered":"https:\/\/vorulagerinn.is\/?post_type=product&#038;p=9715"},"modified":"2026-02-17T11:51:49","modified_gmt":"2026-02-17T11:51:49","slug":"hlidarvasar-a-framsaeti","status":"publish","type":"product","link":"https:\/\/vorulagerinn.is\/en\/product\/hlidarvasar-a-framsaeti\/","title":{"rendered":"Hli\u00f0arvasar \u00e1 frams\u00e6ti"},"content":{"rendered":"","protected":false},"excerpt":{"rendered":"<p>Varan er fest \u00e1 hli\u00f0 \u00e1 frams\u00e6ti b\u00edlsins \u00e1 einfaldan h\u00e1tt. H\u00fan hefur a\u00f0 geyma eitt h\u00f3lf me\u00f0 rennil\u00e1s \u00e1samt tveimur neth\u00f3lfum. B\u00edlstj\u00f3ri og far\u00feega \u00ed frams\u00e6ti eiga au\u00f0velt me\u00f0 a\u00f0 n\u00e1lgast \u00fea\u00f0 sem geymt er \u00ed h\u00f3lfunum. \u00dea\u00f0 er t.d. h\u00e6gt a\u00f0 geyma fars\u00edma, t\u00edmarit, b\u00e6kur, snarl, gos, kort, veski e\u00f0a hva\u00f0 sem er.<\/p>\n<p>\u2013 Litur: Svartur<br \/>\n\u2013 St\u00e6r\u00f0: 42 x 14 cm<br \/>\n\u2013 \u00deyngd: 100 gr\u00f6mm<br \/>\n\u2013 Efni: Oxford fabric<\/p>\n","protected":false},"featured_media":9716,"template":"","meta":[],"product_brand":[],"product_cat":[236,267],"product_tag":[],"class_list":{"0":"post-9715","1":"product","2":"type-product","3":"status-publish","4":"has-post-thumbnail","6":"product_cat-billinn","7":"product_cat-skipulagsvorur","9":"first","10":"instock","11":"sale","12":"featured","13":"taxable","14":"shipping-taxable","15":"purchasable","16":"product-type-simple"},"supplier_id":null,"supplier_sku":"","barcode":null,"atum_controlled":true,"out_stock_date":null,"out_stock_threshold":null,"inheritable":false,"inbound_stock":0,"stock_on_hold":0,"sold_today":0,"sales_last_days":0,"reserved_stock":0,"customer_returns":0,"warehouse_damage":0,"lost_in_post":0,"other_logs":0,"out_stock_days":0,"lost_sales":0,"has_location":false,"update_date":"2026-04-12T00:15:26","atum_locations":[],"atum_stock_status":"instock","restock_status":false,"low_stock_amount":"","sales_update_date":"2026-04-12T00:15:26","calc_backorders":null,"yoast_head":"<!-- This site is optimized with the Yoast SEO Premium plugin v26.6 (Yoast SEO v27.3) - https:\/\/yoast.com\/product\/yoast-seo-premium-wordpress\/ -->\n<title>Hli\u00f0arvasar \u00e1 frams\u00e6ti b\u00edlsins | 1 h\u00f3lf me\u00f0 rennil\u00e1s + 2 neth\u00f3lf<\/title>\n<meta name=\"description\" content=\"Fest \u00e1 hli\u00f0 frams\u00e6ta b\u00edla \u00e1 einfaldan h\u00e1tt. Varan hefur a\u00f0 geyma eitt h\u00f3lf me\u00f0 rennil\u00e1s \u00e1samt tveimur neth\u00f3lfum. H\u00e6gt a\u00f0 geyma t.d. fars\u00edma, t\u00edmarit ofl.\" \/>\n<meta name=\"robots\" content=\"index, follow, max-snippet:-1, max-image-preview:large, max-video-preview:-1\" \/>\n<link rel=\"canonical\" href=\"https:\/\/vorulagerinn.is\/product\/hlidarvasar-a-framsaeti\/\" \/>\n<meta property=\"og:locale\" content=\"en_US\" \/>\n<meta property=\"og:type\" content=\"article\" \/>\n<meta property=\"og:title\" content=\"Hli\u00f0arvasar \u00e1 frams\u00e6ti\" \/>\n<meta property=\"og:description\" content=\"Fest \u00e1 hli\u00f0 frams\u00e6ta b\u00edla \u00e1 einfaldan h\u00e1tt. Varan hefur a\u00f0 geyma eitt h\u00f3lf me\u00f0 rennil\u00e1s \u00e1samt tveimur neth\u00f3lfum. H\u00e6gt a\u00f0 geyma t.d. fars\u00edma, t\u00edmarit ofl.\" \/>\n<meta property=\"og:url\" content=\"https:\/\/vorulagerinn.is\/product\/hlidarvasar-a-framsaeti\/\" \/>\n<meta property=\"og:site_name\" content=\"V&ouml;rulagerinn\" \/>\n<meta property=\"article:publisher\" content=\"https:\/\/www.facebook.com\/vorulagerinn\" \/>\n<meta property=\"article:modified_time\" content=\"2026-02-17T11:51:49+00:00\" \/>\n<meta property=\"og:image\" content=\"https:\/\/vorulagerinn.is\/wp-content\/uploads\/2023\/03\/Hlidarvasar.jpg\" \/>\n\t<meta property=\"og:image:width\" content=\"600\" \/>\n\t<meta property=\"og:image:height\" content=\"600\" \/>\n\t<meta property=\"og:image:type\" content=\"image\/jpeg\" \/>\n<meta name=\"twitter:card\" content=\"summary_large_image\" \/>\n<meta name=\"twitter:label1\" content=\"Price\" \/>\n\t<meta name=\"twitter:data1\" content=\"2.160&nbsp;kr.\" \/>\n\t<meta name=\"twitter:label2\" content=\"Availability\" \/>\n\t<meta name=\"twitter:data2\" content=\"In stock\" \/>\n<script type=\"application\/ld+json\" class=\"yoast-schema-graph\">{\"@context\":\"https:\\\/\\\/schema.org\",\"@graph\":[{\"@type\":\"WebPage\",\"@id\":\"https:\\\/\\\/vorulagerinn.is\\\/product\\\/hlidarvasar-a-framsaeti\\\/\",\"url\":\"https:\\\/\\\/vorulagerinn.is\\\/product\\\/hlidarvasar-a-framsaeti\\\/\",\"name\":\"Hli\u00f0arvasar \u00e1 frams\u00e6ti b\u00edlsins | 1 h\u00f3lf me\u00f0 rennil\u00e1s + 2 neth\u00f3lf\",\"isPartOf\":{\"@id\":\"https:\\\/\\\/vorulagerinn.is\\\/#website\"},\"primaryImageOfPage\":{\"@id\":\"https:\\\/\\\/vorulagerinn.is\\\/product\\\/hlidarvasar-a-framsaeti\\\/#primaryimage\"},\"image\":{\"@id\":\"https:\\\/\\\/vorulagerinn.is\\\/product\\\/hlidarvasar-a-framsaeti\\\/#primaryimage\"},\"thumbnailUrl\":\"https:\\\/\\\/vorulagerinn.is\\\/wp-content\\\/uploads\\\/2023\\\/03\\\/Hlidarvasar.jpg\",\"datePublished\":\"2023-03-27T16:08:46+00:00\",\"dateModified\":\"2026-02-17T11:51:49+00:00\",\"description\":\"Fest \u00e1 hli\u00f0 frams\u00e6ta b\u00edla \u00e1 einfaldan h\u00e1tt. Varan hefur a\u00f0 geyma eitt h\u00f3lf me\u00f0 rennil\u00e1s \u00e1samt tveimur neth\u00f3lfum. H\u00e6gt a\u00f0 geyma t.d. fars\u00edma, t\u00edmarit ofl.\",\"breadcrumb\":{\"@id\":\"https:\\\/\\\/vorulagerinn.is\\\/product\\\/hlidarvasar-a-framsaeti\\\/#breadcrumb\"},\"inLanguage\":\"en-US\",\"potentialAction\":[{\"@type\":\"ReadAction\",\"target\":[\"https:\\\/\\\/vorulagerinn.is\\\/product\\\/hlidarvasar-a-framsaeti\\\/\"]}]},{\"@type\":\"ImageObject\",\"inLanguage\":\"en-US\",\"@id\":\"https:\\\/\\\/vorulagerinn.is\\\/product\\\/hlidarvasar-a-framsaeti\\\/#primaryimage\",\"url\":\"https:\\\/\\\/vorulagerinn.is\\\/wp-content\\\/uploads\\\/2023\\\/03\\\/Hlidarvasar.jpg\",\"contentUrl\":\"https:\\\/\\\/vorulagerinn.is\\\/wp-content\\\/uploads\\\/2023\\\/03\\\/Hlidarvasar.jpg\",\"width\":600,\"height\":600},{\"@type\":\"BreadcrumbList\",\"@id\":\"https:\\\/\\\/vorulagerinn.is\\\/product\\\/hlidarvasar-a-framsaeti\\\/#breadcrumb\",\"itemListElement\":[{\"@type\":\"ListItem\",\"position\":1,\"name\":\"Home\",\"item\":\"https:\\\/\\\/vorulagerinn.is\\\/\"},{\"@type\":\"ListItem\",\"position\":2,\"name\":\"Shop\",\"item\":\"https:\\\/\\\/vorulagerinn.is\\\/en\\\/shop\\\/\"},{\"@type\":\"ListItem\",\"position\":3,\"name\":\"Hli\u00f0arvasar \u00e1 frams\u00e6ti\"}]},{\"@type\":\"WebSite\",\"@id\":\"https:\\\/\\\/vorulagerinn.is\\\/#website\",\"url\":\"https:\\\/\\\/vorulagerinn.is\\\/\",\"name\":\"V\u00f6rulagerinn\",\"description\":\"L\u00e1ttu \u00fea\u00f0 eftir \u00fe\u00e9r\",\"publisher\":{\"@id\":\"https:\\\/\\\/vorulagerinn.is\\\/#organization\"},\"potentialAction\":[{\"@type\":\"SearchAction\",\"target\":{\"@type\":\"EntryPoint\",\"urlTemplate\":\"https:\\\/\\\/vorulagerinn.is\\\/?s={search_term_string}\"},\"query-input\":{\"@type\":\"PropertyValueSpecification\",\"valueRequired\":true,\"valueName\":\"search_term_string\"}}],\"inLanguage\":\"en-US\"},{\"@type\":\"Organization\",\"@id\":\"https:\\\/\\\/vorulagerinn.is\\\/#organization\",\"name\":\"V\u00f6rulagerinn\",\"url\":\"https:\\\/\\\/vorulagerinn.is\\\/\",\"logo\":{\"@type\":\"ImageObject\",\"inLanguage\":\"en-US\",\"@id\":\"https:\\\/\\\/vorulagerinn.is\\\/#\\\/schema\\\/logo\\\/image\\\/\",\"url\":\"https:\\\/\\\/vorulagerinn.is\\\/wp-content\\\/uploads\\\/2022\\\/09\\\/Vorulagerinn-Logo-588x160-1.png\",\"contentUrl\":\"https:\\\/\\\/vorulagerinn.is\\\/wp-content\\\/uploads\\\/2022\\\/09\\\/Vorulagerinn-Logo-588x160-1.png\",\"width\":588,\"height\":160,\"caption\":\"V\u00f6rulagerinn\"},\"image\":{\"@id\":\"https:\\\/\\\/vorulagerinn.is\\\/#\\\/schema\\\/logo\\\/image\\\/\"},\"sameAs\":[\"https:\\\/\\\/www.facebook.com\\\/vorulagerinn\",\"https:\\\/\\\/www.instagram.com\\\/vorulagerinn\\\/\"]}]}<\/script>\n<meta property=\"product:price:amount\" content=\"2160\" \/>\n<meta property=\"product:price:currency\" content=\"ISK\" \/>\n<meta property=\"og:availability\" content=\"instock\" \/>\n<meta property=\"product:availability\" content=\"instock\" \/>\n<meta property=\"product:retailer_item_id\" content=\"V74\" \/>\n<meta property=\"product:condition\" content=\"new\" \/>\n<!-- \/ Yoast SEO Premium plugin. -->","yoast_head_json":{"title":"Hli\u00f0arvasar \u00e1 frams\u00e6ti b\u00edlsins | 1 h\u00f3lf me\u00f0 rennil\u00e1s + 2 neth\u00f3lf","description":"Fest \u00e1 hli\u00f0 frams\u00e6ta b\u00edla \u00e1 einfaldan h\u00e1tt. Varan hefur a\u00f0 geyma eitt h\u00f3lf me\u00f0 rennil\u00e1s \u00e1samt tveimur neth\u00f3lfum. H\u00e6gt a\u00f0 geyma t.d. fars\u00edma, t\u00edmarit ofl.","robots":{"index":"index","follow":"follow","max-snippet":"max-snippet:-1","max-image-preview":"max-image-preview:large","max-video-preview":"max-video-preview:-1"},"canonical":"https:\/\/vorulagerinn.is\/product\/hlidarvasar-a-framsaeti\/","og_locale":"en_US","og_type":"article","og_title":"Hli\u00f0arvasar \u00e1 frams\u00e6ti","og_description":"Fest \u00e1 hli\u00f0 frams\u00e6ta b\u00edla \u00e1 einfaldan h\u00e1tt. Varan hefur a\u00f0 geyma eitt h\u00f3lf me\u00f0 rennil\u00e1s \u00e1samt tveimur neth\u00f3lfum. H\u00e6gt a\u00f0 geyma t.d. fars\u00edma, t\u00edmarit ofl.","og_url":"https:\/\/vorulagerinn.is\/product\/hlidarvasar-a-framsaeti\/","og_site_name":"V&ouml;rulagerinn","article_publisher":"https:\/\/www.facebook.com\/vorulagerinn","article_modified_time":"2026-02-17T11:51:49+00:00","og_image":[{"width":600,"height":600,"url":"https:\/\/vorulagerinn.is\/wp-content\/uploads\/2023\/03\/Hlidarvasar.jpg","type":"image\/jpeg"}],"twitter_card":"summary_large_image","twitter_misc":{"Price":"2.160&nbsp;kr.","Availability":"In stock"},"schema":{"@context":"https:\/\/schema.org","@graph":[{"@type":"WebPage","@id":"https:\/\/vorulagerinn.is\/product\/hlidarvasar-a-framsaeti\/","url":"https:\/\/vorulagerinn.is\/product\/hlidarvasar-a-framsaeti\/","name":"Hli\u00f0arvasar \u00e1 frams\u00e6ti b\u00edlsins | 1 h\u00f3lf me\u00f0 rennil\u00e1s + 2 neth\u00f3lf","isPartOf":{"@id":"https:\/\/vorulagerinn.is\/#website"},"primaryImageOfPage":{"@id":"https:\/\/vorulagerinn.is\/product\/hlidarvasar-a-framsaeti\/#primaryimage"},"image":{"@id":"https:\/\/vorulagerinn.is\/product\/hlidarvasar-a-framsaeti\/#primaryimage"},"thumbnailUrl":"https:\/\/vorulagerinn.is\/wp-content\/uploads\/2023\/03\/Hlidarvasar.jpg","datePublished":"2023-03-27T16:08:46+00:00","dateModified":"2026-02-17T11:51:49+00:00","description":"Fest \u00e1 hli\u00f0 frams\u00e6ta b\u00edla \u00e1 einfaldan h\u00e1tt. Varan hefur a\u00f0 geyma eitt h\u00f3lf me\u00f0 rennil\u00e1s \u00e1samt tveimur neth\u00f3lfum. H\u00e6gt a\u00f0 geyma t.d. fars\u00edma, t\u00edmarit ofl.","breadcrumb":{"@id":"https:\/\/vorulagerinn.is\/product\/hlidarvasar-a-framsaeti\/#breadcrumb"},"inLanguage":"en-US","potentialAction":[{"@type":"ReadAction","target":["https:\/\/vorulagerinn.is\/product\/hlidarvasar-a-framsaeti\/"]}]},{"@type":"ImageObject","inLanguage":"en-US","@id":"https:\/\/vorulagerinn.is\/product\/hlidarvasar-a-framsaeti\/#primaryimage","url":"https:\/\/vorulagerinn.is\/wp-content\/uploads\/2023\/03\/Hlidarvasar.jpg","contentUrl":"https:\/\/vorulagerinn.is\/wp-content\/uploads\/2023\/03\/Hlidarvasar.jpg","width":600,"height":600},{"@type":"BreadcrumbList","@id":"https:\/\/vorulagerinn.is\/product\/hlidarvasar-a-framsaeti\/#breadcrumb","itemListElement":[{"@type":"ListItem","position":1,"name":"Home","item":"https:\/\/vorulagerinn.is\/"},{"@type":"ListItem","position":2,"name":"Shop","item":"https:\/\/vorulagerinn.is\/en\/shop\/"},{"@type":"ListItem","position":3,"name":"Hli\u00f0arvasar \u00e1 frams\u00e6ti"}]},{"@type":"WebSite","@id":"https:\/\/vorulagerinn.is\/#website","url":"https:\/\/vorulagerinn.is\/","name":"V\u00f6rulagerinn","description":"L\u00e1ttu \u00fea\u00f0 eftir \u00fe\u00e9r","publisher":{"@id":"https:\/\/vorulagerinn.is\/#organization"},"potentialAction":[{"@type":"SearchAction","target":{"@type":"EntryPoint","urlTemplate":"https:\/\/vorulagerinn.is\/?s={search_term_string}"},"query-input":{"@type":"PropertyValueSpecification","valueRequired":true,"valueName":"search_term_string"}}],"inLanguage":"en-US"},{"@type":"Organization","@id":"https:\/\/vorulagerinn.is\/#organization","name":"V\u00f6rulagerinn","url":"https:\/\/vorulagerinn.is\/","logo":{"@type":"ImageObject","inLanguage":"en-US","@id":"https:\/\/vorulagerinn.is\/#\/schema\/logo\/image\/","url":"https:\/\/vorulagerinn.is\/wp-content\/uploads\/2022\/09\/Vorulagerinn-Logo-588x160-1.png","contentUrl":"https:\/\/vorulagerinn.is\/wp-content\/uploads\/2022\/09\/Vorulagerinn-Logo-588x160-1.png","width":588,"height":160,"caption":"V\u00f6rulagerinn"},"image":{"@id":"https:\/\/vorulagerinn.is\/#\/schema\/logo\/image\/"},"sameAs":["https:\/\/www.facebook.com\/vorulagerinn","https:\/\/www.instagram.com\/vorulagerinn\/"]}]},"product_price_amount":"2160","product_price_currency":"ISK","og_availability":"instock","product_availability":"instock","product_retailer_item_id":"V74","product_condition":"new"},"_links":{"self":[{"href":"https:\/\/vorulagerinn.is\/en\/wp-json\/wp\/v2\/product\/9715","targetHints":{"allow":["GET"]}}],"collection":[{"href":"https:\/\/vorulagerinn.is\/en\/wp-json\/wp\/v2\/product"}],"about":[{"href":"https:\/\/vorulagerinn.is\/en\/wp-json\/wp\/v2\/types\/product"}],"wp:featuredmedia":[{"embeddable":true,"href":"https:\/\/vorulagerinn.is\/en\/wp-json\/wp\/v2\/media\/9716"}],"wp:attachment":[{"href":"https:\/\/vorulagerinn.is\/en\/wp-json\/wp\/v2\/media?parent=9715"}],"wp:term":[{"taxonomy":"product_brand","embeddable":true,"href":"https:\/\/vorulagerinn.is\/en\/wp-json\/wp\/v2\/product_brand?post=9715"},{"taxonomy":"product_cat","embeddable":true,"href":"https:\/\/vorulagerinn.is\/en\/wp-json\/wp\/v2\/product_cat?post=9715"},{"taxonomy":"product_tag","embeddable":true,"href":"https:\/\/vorulagerinn.is\/en\/wp-json\/wp\/v2\/product_tag?post=9715"}],"curies":[{"name":"wp","href":"https:\/\/api.w.org\/{rel}","templated":true}]}}